{"id":1455,"date":"2017-01-05T22:53:21","date_gmt":"2017-01-05T21:53:21","guid":{"rendered":"https:\/\/meetafrenchartist.com\/produit\/les-pensees"},"modified":"2020-02-07T19:06:11","modified_gmt":"2020-02-07T18:06:11","slug":"les-pensees","status":"publish","type":"product","link":"https:\/\/meetafrenchartist.com\/fr\/shop\/oeuvres\/les-pensees","title":{"rendered":"Les pens\u00e9es"},"content":{"rendered":"<p><strong>Les pens\u00e9es<\/strong> est une peinture originale \u00e0 l\u2019huile et aux pinceaux r\u00e9alis\u00e9e par Edwige Mitterrand Delahaye, artiste peintre.<\/p>\n<h6>Sujet<\/h6>\n<p>L&rsquo;artiste a choisi de repr\u00e9senter sur cette toile un petit bouquet de pens\u00e9es violettes. Ce <a href=\"https:\/\/meetafrenchartist.com\/fr\/shop\/oeuvres\/les-tulipes-blanches\" target=\"_blank\" rel=\"noopener noreferrer\">bouquet<\/a> lui a \u00e9t\u00e9 offert par l&rsquo;un de ses enfants pour c\u00e9l\u00e9brer la f\u00eate des m\u00e8res.<\/p>\n<div class=\"sharedaddy sd-sharing-enabled\"><div class=\"robots-nocontent sd-block sd-social sd-social-icon sd-sharing\"><div class=\"sd-content\"><ul><li class=\"share-facebook\"><a rel=\"nofollow noopener noreferrer\" data-shared=\"sharing-facebook-1455\" class=\"share-facebook sd-button share-icon no-text\" href=\"https:\/\/meetafrenchartist.com\/fr\/shop\/oeuvres\/les-pensees?share=facebook\" target=\"_blank\" title=\"Cliquez pour partager sur Facebook\"><span><\/span><span class=\"sharing-screen-reader-text\">Cliquez pour partager sur Facebook(ouvre dans une nouvelle fen\u00eatre)<\/span><\/a><\/li><li class=\"share-twitter\"><a rel=\"nofollow noopener noreferrer\" data-shared=\"sharing-twitter-1455\" class=\"share-twitter sd-button share-icon no-text\" href=\"https:\/\/meetafrenchartist.com\/fr\/shop\/oeuvres\/les-pensees?share=twitter\" target=\"_blank\" title=\"Cliquez pour partager sur Twitter\"><span><\/span><span class=\"sharing-screen-reader-text\">Cliquez pour partager sur Twitter(ouvre dans une nouvelle fen\u00eatre)<\/span><\/a><\/li><li class=\"share-tumblr\"><a rel=\"nofollow noopener noreferrer\" data-shared=\"\" class=\"share-tumblr sd-button share-icon no-text\" href=\"https:\/\/meetafrenchartist.com\/fr\/shop\/oeuvres\/les-pensees?share=tumblr\" target=\"_blank\" title=\"Cliquez pour partager sur Tumblr\"><span><\/span><span class=\"sharing-screen-reader-text\">Cliquez pour partager sur Tumblr(ouvre dans une nouvelle fen\u00eatre)<\/span><\/a><\/li><li class=\"share-pinterest\"><a rel=\"nofollow noopener noreferrer\" data-shared=\"sharing-pinterest-1455\" class=\"share-pinterest sd-button share-icon no-text\" href=\"https:\/\/meetafrenchartist.com\/fr\/shop\/oeuvres\/les-pensees?share=pinterest\" target=\"_blank\" title=\"Cliquez pour partager sur Pinterest\"><span><\/span><span class=\"sharing-screen-reader-text\">Cliquez pour partager sur Pinterest(ouvre dans une nouvelle fen\u00eatre)<\/span><\/a><\/li><li class=\"share-end\"><\/li><\/ul><\/div><\/div><\/div>","protected":false},"excerpt":{"rendered":"<p>Les pens\u00e9es est une peinture originale \u00e0 l\u2019huile et aux pinceaux r\u00e9alis\u00e9e par Edwige Mitterrand Delahaye, artiste peintre. Sujet L&rsquo;artiste a choisi de repr\u00e9senter sur cette toile un petit bouquet de pens\u00e9es violettes. Ce bouquet lui a \u00e9t\u00e9 offert par l&rsquo;un de ses enfants pour c\u00e9l\u00e9brer la f\u00eate des m\u00e8res.<\/p>\n<div class=\"sharedaddy sd-sharing-enabled\"><div class=\"robots-nocontent sd-block sd-social sd-social-icon sd-sharing\"><div class=\"sd-content\"><ul><li class=\"share-facebook\"><a rel=\"nofollow noopener noreferrer\" data-shared=\"sharing-facebook-1455\" class=\"share-facebook sd-button share-icon no-text\" href=\"https:\/\/meetafrenchartist.com\/fr\/shop\/oeuvres\/les-pensees?share=facebook\" target=\"_blank\" title=\"Cliquez pour partager sur Facebook\"><span><\/span><span class=\"sharing-screen-reader-text\">Cliquez pour partager sur Facebook(ouvre dans une nouvelle fen\u00eatre)<\/span><\/a><\/li><li class=\"share-twitter\"><a rel=\"nofollow noopener noreferrer\" data-shared=\"sharing-twitter-1455\" class=\"share-twitter sd-button share-icon no-text\" href=\"https:\/\/meetafrenchartist.com\/fr\/shop\/oeuvres\/les-pensees?share=twitter\" target=\"_blank\" title=\"Cliquez pour partager sur Twitter\"><span><\/span><span class=\"sharing-screen-reader-text\">Cliquez pour partager sur Twitter(ouvre dans une nouvelle fen\u00eatre)<\/span><\/a><\/li><li class=\"share-tumblr\"><a rel=\"nofollow noopener noreferrer\" data-shared=\"\" class=\"share-tumblr sd-button share-icon no-text\" href=\"https:\/\/meetafrenchartist.com\/fr\/shop\/oeuvres\/les-pensees?share=tumblr\" target=\"_blank\" title=\"Cliquez pour partager sur Tumblr\"><span><\/span><span class=\"sharing-screen-reader-text\">Cliquez pour partager sur Tumblr(ouvre dans une nouvelle fen\u00eatre)<\/span><\/a><\/li><li class=\"share-pinterest\"><a rel=\"nofollow noopener noreferrer\" data-shared=\"sharing-pinterest-1455\" class=\"share-pinterest sd-button share-icon no-text\" href=\"https:\/\/meetafrenchartist.com\/fr\/shop\/oeuvres\/les-pensees?share=pinterest\" target=\"_blank\" title=\"Cliquez pour partager sur Pinterest\"><span><\/span><span class=\"sharing-screen-reader-text\">Cliquez pour partager sur Pinterest(ouvre dans une nouvelle fen\u00eatre)<\/span><\/a><\/li><li class=\"share-end\"><\/li><\/ul><\/div><\/div><\/div>","protected":false},"featured_media":1628,"comment_status":"open","ping_status":"closed","template":"","meta":{"spay_email":""},"product_cat":[165],"product_tag":[52],"acf":[],"yoast_head":"<!-- This site is optimized with the Yoast SEO plugin v18.6 - https:\/\/yoast.com\/wordpress\/plugins\/seo\/ -->\n<title>Les pens\u00e9es - peinture \u00e0 l&#039;huile - Edwige Mitterrand Delahaye<\/title>\n<meta name=\"description\" content=\"Les pens\u00e9es est une peinture originale \u00e0 l\u2019huile et aux pinceaux r\u00e9alis\u00e9e par Edwige Mitterrand Delahaye, artiste peintre.\" \/>\n<meta name=\"robots\" content=\"index, follow, max-snippet:-1, max-image-preview:large, max-video-preview:-1\" \/>\n<link rel=\"canonical\" href=\"https:\/\/meetafrenchartist.com\/fr\/shop\/oeuvres\/les-pensees\" \/>\n<meta property=\"og:locale\" content=\"fr_FR\" \/>\n<meta property=\"og:type\" content=\"article\" \/>\n<meta property=\"og:title\" content=\"Les pens\u00e9es - peinture \u00e0 l&#039;huile - Edwige Mitterrand Delahaye\" \/>\n<meta property=\"og:description\" content=\"Les pens\u00e9es est une peinture originale \u00e0 l\u2019huile et aux pinceaux r\u00e9alis\u00e9e par Edwige Mitterrand Delahaye, artiste peintre.\" \/>\n<meta property=\"og:url\" content=\"https:\/\/meetafrenchartist.com\/fr\/shop\/oeuvres\/les-pensees\" \/>\n<meta property=\"og:site_name\" content=\"Meet a French Artist\" \/>\n<meta property=\"article:modified_time\" content=\"2020-02-07T18:06:11+00:00\" \/>\n<meta property=\"og:image\" content=\"https:\/\/i0.wp.com\/meetafrenchartist.com\/wp-content\/uploads\/2017\/01\/pens\u00e9es_Une.jpg?fit=716%2C627&#038;ssl=1\" \/>\n\t<meta property=\"og:image:width\" content=\"716\" \/>\n\t<meta property=\"og:image:height\" content=\"627\" \/>\n\t<meta property=\"og:image:type\" content=\"image\/jpeg\" \/>\n<meta name=\"twitter:card\" content=\"summary_large_image\" \/>\n<script type=\"application\/ld+json\" class=\"yoast-schema-graph\">{\"@context\":\"https:\/\/schema.org\",\"@graph\":[{\"@type\":[\"Person\",\"Organization\"],\"@id\":\"https:\/\/meetafrenchartist.com\/#\/schema\/person\/8328a8986c585017fb846b5e24c1c139\",\"name\":\"Edwige Mitterrand\",\"image\":{\"@type\":\"ImageObject\",\"@id\":\"https:\/\/meetafrenchartist.com\/#personlogo\",\"inLanguage\":\"fr-FR\",\"url\":\"https:\/\/secure.gravatar.com\/avatar\/f968a4eadc158a1f61c5f8f8023a0c88?s=96&d=mm&r=g\",\"contentUrl\":\"https:\/\/secure.gravatar.com\/avatar\/f968a4eadc158a1f61c5f8f8023a0c88?s=96&d=mm&r=g\",\"caption\":\"Edwige Mitterrand\"},\"logo\":{\"@id\":\"https:\/\/meetafrenchartist.com\/#personlogo\"}},{\"@type\":\"WebSite\",\"@id\":\"https:\/\/meetafrenchartist.com\/#website\",\"url\":\"https:\/\/meetafrenchartist.com\/\",\"name\":\"Meet a French Artist\",\"description\":\"Edwige Mitterrand Delahaye\",\"publisher\":{\"@id\":\"https:\/\/meetafrenchartist.com\/#\/schema\/person\/8328a8986c585017fb846b5e24c1c139\"},\"potentialAction\":[{\"@type\":\"SearchAction\",\"target\":{\"@type\":\"EntryPoint\",\"urlTemplate\":\"https:\/\/meetafrenchartist.com\/?s={search_term_string}\"},\"query-input\":\"required name=search_term_string\"}],\"inLanguage\":\"fr-FR\"},{\"@type\":\"ImageObject\",\"@id\":\"https:\/\/meetafrenchartist.com\/fr\/shop\/oeuvres\/les-pensees#primaryimage\",\"inLanguage\":\"fr-FR\",\"url\":\"https:\/\/i0.wp.com\/meetafrenchartist.com\/wp-content\/uploads\/2017\/01\/pens\u00e9es_Une.jpg?fit=716%2C627&ssl=1\",\"contentUrl\":\"https:\/\/i0.wp.com\/meetafrenchartist.com\/wp-content\/uploads\/2017\/01\/pens\u00e9es_Une.jpg?fit=716%2C627&ssl=1\",\"width\":716,\"height\":627},{\"@type\":\"WebPage\",\"@id\":\"https:\/\/meetafrenchartist.com\/fr\/shop\/oeuvres\/les-pensees#webpage\",\"url\":\"https:\/\/meetafrenchartist.com\/fr\/shop\/oeuvres\/les-pensees\",\"name\":\"Les pens\u00e9es - peinture \u00e0 l'huile - Edwige Mitterrand Delahaye\",\"isPartOf\":{\"@id\":\"https:\/\/meetafrenchartist.com\/#website\"},\"primaryImageOfPage\":{\"@id\":\"https:\/\/meetafrenchartist.com\/fr\/shop\/oeuvres\/les-pensees#primaryimage\"},\"datePublished\":\"2017-01-05T21:53:21+00:00\",\"dateModified\":\"2020-02-07T18:06:11+00:00\",\"description\":\"Les pens\u00e9es est une peinture originale \u00e0 l\u2019huile et aux pinceaux r\u00e9alis\u00e9e par Edwige Mitterrand Delahaye, artiste peintre.\",\"breadcrumb\":{\"@id\":\"https:\/\/meetafrenchartist.com\/fr\/shop\/oeuvres\/les-pensees#breadcrumb\"},\"inLanguage\":\"fr-FR\",\"potentialAction\":[{\"@type\":\"ReadAction\",\"target\":[\"https:\/\/meetafrenchartist.com\/fr\/shop\/oeuvres\/les-pensees\"]}]},{\"@type\":\"BreadcrumbList\",\"@id\":\"https:\/\/meetafrenchartist.com\/fr\/shop\/oeuvres\/les-pensees#breadcrumb\",\"itemListElement\":[{\"@type\":\"ListItem\",\"position\":1,\"name\":\"Accueil\",\"item\":\"https:\/\/meetafrenchartist.com\/fr\"},{\"@type\":\"ListItem\",\"position\":2,\"name\":\"Boutique\",\"item\":\"https:\/\/meetafrenchartist.com\/fr\/boutique\"},{\"@type\":\"ListItem\",\"position\":3,\"name\":\"Les pens\u00e9es\"}]}]}<\/script>\n<!-- \/ Yoast SEO plugin. -->","yoast_head_json":{"title":"Les pens\u00e9es - peinture \u00e0 l'huile - Edwige Mitterrand Delahaye","description":"Les pens\u00e9es est une peinture originale \u00e0 l\u2019huile et aux pinceaux r\u00e9alis\u00e9e par Edwige Mitterrand Delahaye, artiste peintre.","robots":{"index":"index","follow":"follow","max-snippet":"max-snippet:-1","max-image-preview":"max-image-preview:large","max-video-preview":"max-video-preview:-1"},"canonical":"https:\/\/meetafrenchartist.com\/fr\/shop\/oeuvres\/les-pensees","og_locale":"fr_FR","og_type":"article","og_title":"Les pens\u00e9es - peinture \u00e0 l'huile - Edwige Mitterrand Delahaye","og_description":"Les pens\u00e9es est une peinture originale \u00e0 l\u2019huile et aux pinceaux r\u00e9alis\u00e9e par Edwige Mitterrand Delahaye, artiste peintre.","og_url":"https:\/\/meetafrenchartist.com\/fr\/shop\/oeuvres\/les-pensees","og_site_name":"Meet a French Artist","article_modified_time":"2020-02-07T18:06:11+00:00","og_image":[{"width":716,"height":627,"url":"https:\/\/i0.wp.com\/meetafrenchartist.com\/wp-content\/uploads\/2017\/01\/pens\u00e9es_Une.jpg?fit=716%2C627&ssl=1","type":"image\/jpeg"}],"twitter_card":"summary_large_image","schema":{"@context":"https:\/\/schema.org","@graph":[{"@type":["Person","Organization"],"@id":"https:\/\/meetafrenchartist.com\/#\/schema\/person\/8328a8986c585017fb846b5e24c1c139","name":"Edwige Mitterrand","image":{"@type":"ImageObject","@id":"https:\/\/meetafrenchartist.com\/#personlogo","inLanguage":"fr-FR","url":"https:\/\/secure.gravatar.com\/avatar\/f968a4eadc158a1f61c5f8f8023a0c88?s=96&d=mm&r=g","contentUrl":"https:\/\/secure.gravatar.com\/avatar\/f968a4eadc158a1f61c5f8f8023a0c88?s=96&d=mm&r=g","caption":"Edwige Mitterrand"},"logo":{"@id":"https:\/\/meetafrenchartist.com\/#personlogo"}},{"@type":"WebSite","@id":"https:\/\/meetafrenchartist.com\/#website","url":"https:\/\/meetafrenchartist.com\/","name":"Meet a French Artist","description":"Edwige Mitterrand Delahaye","publisher":{"@id":"https:\/\/meetafrenchartist.com\/#\/schema\/person\/8328a8986c585017fb846b5e24c1c139"},"potentialAction":[{"@type":"SearchAction","target":{"@type":"EntryPoint","urlTemplate":"https:\/\/meetafrenchartist.com\/?s={search_term_string}"},"query-input":"required name=search_term_string"}],"inLanguage":"fr-FR"},{"@type":"ImageObject","@id":"https:\/\/meetafrenchartist.com\/fr\/shop\/oeuvres\/les-pensees#primaryimage","inLanguage":"fr-FR","url":"https:\/\/i0.wp.com\/meetafrenchartist.com\/wp-content\/uploads\/2017\/01\/pens\u00e9es_Une.jpg?fit=716%2C627&ssl=1","contentUrl":"https:\/\/i0.wp.com\/meetafrenchartist.com\/wp-content\/uploads\/2017\/01\/pens\u00e9es_Une.jpg?fit=716%2C627&ssl=1","width":716,"height":627},{"@type":"WebPage","@id":"https:\/\/meetafrenchartist.com\/fr\/shop\/oeuvres\/les-pensees#webpage","url":"https:\/\/meetafrenchartist.com\/fr\/shop\/oeuvres\/les-pensees","name":"Les pens\u00e9es - peinture \u00e0 l'huile - Edwige Mitterrand Delahaye","isPartOf":{"@id":"https:\/\/meetafrenchartist.com\/#website"},"primaryImageOfPage":{"@id":"https:\/\/meetafrenchartist.com\/fr\/shop\/oeuvres\/les-pensees#primaryimage"},"datePublished":"2017-01-05T21:53:21+00:00","dateModified":"2020-02-07T18:06:11+00:00","description":"Les pens\u00e9es est une peinture originale \u00e0 l\u2019huile et aux pinceaux r\u00e9alis\u00e9e par Edwige Mitterrand Delahaye, artiste peintre.","breadcrumb":{"@id":"https:\/\/meetafrenchartist.com\/fr\/shop\/oeuvres\/les-pensees#breadcrumb"},"inLanguage":"fr-FR","potentialAction":[{"@type":"ReadAction","target":["https:\/\/meetafrenchartist.com\/fr\/shop\/oeuvres\/les-pensees"]}]},{"@type":"BreadcrumbList","@id":"https:\/\/meetafrenchartist.com\/fr\/shop\/oeuvres\/les-pensees#breadcrumb","itemListElement":[{"@type":"ListItem","position":1,"name":"Accueil","item":"https:\/\/meetafrenchartist.com\/fr"},{"@type":"ListItem","position":2,"name":"Boutique","item":"https:\/\/meetafrenchartist.com\/fr\/boutique"},{"@type":"ListItem","position":3,"name":"Les pens\u00e9es"}]}]}},"jetpack_sharing_enabled":true,"_links":{"self":[{"href":"https:\/\/meetafrenchartist.com\/fr\/wp-json\/wp\/v2\/product\/1455"}],"collection":[{"href":"https:\/\/meetafrenchartist.com\/fr\/wp-json\/wp\/v2\/product"}],"about":[{"href":"https:\/\/meetafrenchartist.com\/fr\/wp-json\/wp\/v2\/types\/product"}],"replies":[{"embeddable":true,"href":"https:\/\/meetafrenchartist.com\/fr\/wp-json\/wp\/v2\/comments?post=1455"}],"wp:featuredmedia":[{"embeddable":true,"href":"https:\/\/meetafrenchartist.com\/fr\/wp-json\/wp\/v2\/media\/1628"}],"wp:attachment":[{"href":"https:\/\/meetafrenchartist.com\/fr\/wp-json\/wp\/v2\/media?parent=1455"}],"wp:term":[{"taxonomy":"product_cat","embeddable":true,"href":"https:\/\/meetafrenchartist.com\/fr\/wp-json\/wp\/v2\/product_cat?post=1455"},{"taxonomy":"product_tag","embeddable":true,"href":"https:\/\/meetafrenchartist.com\/fr\/wp-json\/wp\/v2\/product_tag?post=1455"}],"curies":[{"name":"wp","href":"https:\/\/api.w.org\/{rel}","templated":true}]}}