{"id":1454,"date":"2017-01-05T14:49:55","date_gmt":"2017-01-05T13:49:55","guid":{"rendered":"https:\/\/meetafrenchartist.com\/produit\/le-depart"},"modified":"2019-12-09T14:26:49","modified_gmt":"2019-12-09T13:26:49","slug":"le-depart","status":"publish","type":"product","link":"https:\/\/meetafrenchartist.com\/fr\/shop\/oeuvres\/le-depart","title":{"rendered":"Le d\u00e9part"},"content":{"rendered":"<p><strong>Le d\u00e9part<\/strong>\u00a0est une peinture originale \u00e0 l\u2019huile r\u00e9alis\u00e9e par Edwige Mitterrand Delahaye, artiste peintre.<\/p>\n<h6>Sujet<\/h6>\n<p>Le tableau repr\u00e9sente des marins sur le port de Trouville pr\u00eats \u00e0 embarquer<\/p>\n<p>\u00ab\u00a0<em>Homme libre, toujours tu ch\u00e9riras la mer !<\/em><br \/>\n<em> La mer est ton miroir ; tu contemples ton \u00e2me<\/em><br \/>\n<em> Dans le d\u00e9roulement infini de sa lame,<\/em><br \/>\n<em> Et ton esprit n\u2019est pas un gouffre moins amer\u00a0\u00bb<\/em>.<br \/>\nExtrait de L&rsquo;homme et la mer, Les fleurs du Mal, Charles Baudelaire<\/p>\n<h6>Exp\u00e9dition<\/h6>\n<p>La toile est vendue et exp\u00e9di\u00e9e sans cadre<br \/>\nLe tableau est exp\u00e9di\u00e9 dans un emballage de protection adapt\u00e9 \u00e0 l\u2019envoi de colis fragiles.<br \/>\nLes frais de livraison sont offerts<\/p>\n<h6>Informations compl\u00e9mentaires<\/h6>\n<p>Cette oeuvre est unique, un certificat d\u2019authenticit\u00e9 est remis avec l\u2019oeuvre<\/p>\n<p>Les couleurs de la toile peuvent varier suivant les param\u00e8tres de votre ordinateur.<\/p>\n<p>&nbsp;<\/p>\n<div class=\"sharedaddy sd-sharing-enabled\"><div class=\"robots-nocontent sd-block sd-social sd-social-icon sd-sharing\"><div class=\"sd-content\"><ul><li class=\"share-facebook\"><a rel=\"nofollow noopener noreferrer\" data-shared=\"sharing-facebook-1454\" class=\"share-facebook sd-button share-icon no-text\" href=\"https:\/\/meetafrenchartist.com\/fr\/shop\/oeuvres\/le-depart?share=facebook\" target=\"_blank\" title=\"Cliquez pour partager sur Facebook\"><span><\/span><span class=\"sharing-screen-reader-text\">Cliquez pour partager sur Facebook(ouvre dans une nouvelle fen\u00eatre)<\/span><\/a><\/li><li class=\"share-twitter\"><a rel=\"nofollow noopener noreferrer\" data-shared=\"sharing-twitter-1454\" class=\"share-twitter sd-button share-icon no-text\" href=\"https:\/\/meetafrenchartist.com\/fr\/shop\/oeuvres\/le-depart?share=twitter\" target=\"_blank\" title=\"Cliquez pour partager sur Twitter\"><span><\/span><span class=\"sharing-screen-reader-text\">Cliquez pour partager sur Twitter(ouvre dans une nouvelle fen\u00eatre)<\/span><\/a><\/li><li class=\"share-tumblr\"><a rel=\"nofollow noopener noreferrer\" data-shared=\"\" class=\"share-tumblr sd-button share-icon no-text\" href=\"https:\/\/meetafrenchartist.com\/fr\/shop\/oeuvres\/le-depart?share=tumblr\" target=\"_blank\" title=\"Cliquez pour partager sur Tumblr\"><span><\/span><span class=\"sharing-screen-reader-text\">Cliquez pour partager sur Tumblr(ouvre dans une nouvelle fen\u00eatre)<\/span><\/a><\/li><li class=\"share-pinterest\"><a rel=\"nofollow noopener noreferrer\" data-shared=\"sharing-pinterest-1454\" class=\"share-pinterest sd-button share-icon no-text\" href=\"https:\/\/meetafrenchartist.com\/fr\/shop\/oeuvres\/le-depart?share=pinterest\" target=\"_blank\" title=\"Cliquez pour partager sur Pinterest\"><span><\/span><span class=\"sharing-screen-reader-text\">Cliquez pour partager sur Pinterest(ouvre dans une nouvelle fen\u00eatre)<\/span><\/a><\/li><li class=\"share-end\"><\/li><\/ul><\/div><\/div><\/div>","protected":false},"excerpt":{"rendered":"<p>Le d\u00e9part\u00a0est une peinture originale \u00e0 l\u2019huile r\u00e9alis\u00e9e par Edwige Mitterrand Delahaye, artiste peintre. Sujet Le tableau repr\u00e9sente des marins sur le port de Trouville pr\u00eats \u00e0 embarquer \u00ab\u00a0Homme libre, toujours tu ch\u00e9riras la mer ! La mer est ton miroir ; tu contemples ton \u00e2me Dans le d\u00e9roulement infini de sa lame, Et ton [&hellip;]<\/p>\n<div class=\"sharedaddy sd-sharing-enabled\"><div class=\"robots-nocontent sd-block sd-social sd-social-icon sd-sharing\"><div class=\"sd-content\"><ul><li class=\"share-facebook\"><a rel=\"nofollow noopener noreferrer\" data-shared=\"sharing-facebook-1454\" class=\"share-facebook sd-button share-icon no-text\" href=\"https:\/\/meetafrenchartist.com\/fr\/shop\/oeuvres\/le-depart?share=facebook\" target=\"_blank\" title=\"Cliquez pour partager sur Facebook\"><span><\/span><span class=\"sharing-screen-reader-text\">Cliquez pour partager sur Facebook(ouvre dans une nouvelle fen\u00eatre)<\/span><\/a><\/li><li class=\"share-twitter\"><a rel=\"nofollow noopener noreferrer\" data-shared=\"sharing-twitter-1454\" class=\"share-twitter sd-button share-icon no-text\" href=\"https:\/\/meetafrenchartist.com\/fr\/shop\/oeuvres\/le-depart?share=twitter\" target=\"_blank\" title=\"Cliquez pour partager sur Twitter\"><span><\/span><span class=\"sharing-screen-reader-text\">Cliquez pour partager sur Twitter(ouvre dans une nouvelle fen\u00eatre)<\/span><\/a><\/li><li class=\"share-tumblr\"><a rel=\"nofollow noopener noreferrer\" data-shared=\"\" class=\"share-tumblr sd-button share-icon no-text\" href=\"https:\/\/meetafrenchartist.com\/fr\/shop\/oeuvres\/le-depart?share=tumblr\" target=\"_blank\" title=\"Cliquez pour partager sur Tumblr\"><span><\/span><span class=\"sharing-screen-reader-text\">Cliquez pour partager sur Tumblr(ouvre dans une nouvelle fen\u00eatre)<\/span><\/a><\/li><li class=\"share-pinterest\"><a rel=\"nofollow noopener noreferrer\" data-shared=\"sharing-pinterest-1454\" class=\"share-pinterest sd-button share-icon no-text\" href=\"https:\/\/meetafrenchartist.com\/fr\/shop\/oeuvres\/le-depart?share=pinterest\" target=\"_blank\" title=\"Cliquez pour partager sur Pinterest\"><span><\/span><span class=\"sharing-screen-reader-text\">Cliquez pour partager sur Pinterest(ouvre dans une nouvelle fen\u00eatre)<\/span><\/a><\/li><li class=\"share-end\"><\/li><\/ul><\/div><\/div><\/div>","protected":false},"featured_media":1623,"comment_status":"open","ping_status":"closed","template":"","meta":{"spay_email":""},"product_cat":[165],"product_tag":[53],"acf":[],"yoast_head":"<!-- This site is optimized with the Yoast SEO plugin v18.6 - https:\/\/yoast.com\/wordpress\/plugins\/seo\/ -->\n<title>Le d\u00e9part - Meet a French Artist<\/title>\n<meta name=\"robots\" content=\"index, follow, max-snippet:-1, max-image-preview:large, max-video-preview:-1\" \/>\n<link rel=\"canonical\" href=\"https:\/\/meetafrenchartist.com\/fr\/shop\/oeuvres\/le-depart\" \/>\n<meta property=\"og:locale\" content=\"fr_FR\" \/>\n<meta property=\"og:type\" content=\"article\" \/>\n<meta property=\"og:title\" content=\"Le d\u00e9part - Meet a French Artist\" \/>\n<meta property=\"og:description\" content=\"Le d\u00e9part\u00a0est une peinture originale \u00e0 l\u2019huile r\u00e9alis\u00e9e par Edwige Mitterrand Delahaye, artiste peintre. Sujet Le tableau repr\u00e9sente des marins sur le port de Trouville pr\u00eats \u00e0 embarquer \u00ab\u00a0Homme libre, toujours tu ch\u00e9riras la mer ! La mer est ton miroir ; tu contemples ton \u00e2me Dans le d\u00e9roulement infini de sa lame, Et ton [&hellip;]\" \/>\n<meta property=\"og:url\" content=\"https:\/\/meetafrenchartist.com\/fr\/shop\/oeuvres\/le-depart\" \/>\n<meta property=\"og:site_name\" content=\"Meet a French Artist\" \/>\n<meta property=\"article:modified_time\" content=\"2019-12-09T13:26:49+00:00\" \/>\n<meta property=\"og:image\" content=\"https:\/\/i0.wp.com\/meetafrenchartist.com\/wp-content\/uploads\/2017\/01\/le_depart_Une.jpg?fit=713%2C594&#038;ssl=1\" \/>\n\t<meta property=\"og:image:width\" content=\"713\" \/>\n\t<meta property=\"og:image:height\" content=\"594\" \/>\n\t<meta property=\"og:image:type\" content=\"image\/jpeg\" \/>\n<meta name=\"twitter:card\" content=\"summary_large_image\" \/>\n<meta name=\"twitter:label1\" content=\"Dur\u00e9e de lecture estim\u00e9e\" \/>\n\t<meta name=\"twitter:data1\" content=\"1 minute\" \/>\n<script type=\"application\/ld+json\" class=\"yoast-schema-graph\">{\"@context\":\"https:\/\/schema.org\",\"@graph\":[{\"@type\":[\"Person\",\"Organization\"],\"@id\":\"https:\/\/meetafrenchartist.com\/#\/schema\/person\/8328a8986c585017fb846b5e24c1c139\",\"name\":\"Edwige Mitterrand\",\"image\":{\"@type\":\"ImageObject\",\"@id\":\"https:\/\/meetafrenchartist.com\/#personlogo\",\"inLanguage\":\"fr-FR\",\"url\":\"https:\/\/secure.gravatar.com\/avatar\/f968a4eadc158a1f61c5f8f8023a0c88?s=96&d=mm&r=g\",\"contentUrl\":\"https:\/\/secure.gravatar.com\/avatar\/f968a4eadc158a1f61c5f8f8023a0c88?s=96&d=mm&r=g\",\"caption\":\"Edwige Mitterrand\"},\"logo\":{\"@id\":\"https:\/\/meetafrenchartist.com\/#personlogo\"}},{\"@type\":\"WebSite\",\"@id\":\"https:\/\/meetafrenchartist.com\/#website\",\"url\":\"https:\/\/meetafrenchartist.com\/\",\"name\":\"Meet a French Artist\",\"description\":\"Edwige Mitterrand Delahaye\",\"publisher\":{\"@id\":\"https:\/\/meetafrenchartist.com\/#\/schema\/person\/8328a8986c585017fb846b5e24c1c139\"},\"potentialAction\":[{\"@type\":\"SearchAction\",\"target\":{\"@type\":\"EntryPoint\",\"urlTemplate\":\"https:\/\/meetafrenchartist.com\/?s={search_term_string}\"},\"query-input\":\"required name=search_term_string\"}],\"inLanguage\":\"fr-FR\"},{\"@type\":\"ImageObject\",\"@id\":\"https:\/\/meetafrenchartist.com\/fr\/shop\/oeuvres\/le-depart#primaryimage\",\"inLanguage\":\"fr-FR\",\"url\":\"https:\/\/i0.wp.com\/meetafrenchartist.com\/wp-content\/uploads\/2017\/01\/le_depart_Une.jpg?fit=713%2C594&ssl=1\",\"contentUrl\":\"https:\/\/i0.wp.com\/meetafrenchartist.com\/wp-content\/uploads\/2017\/01\/le_depart_Une.jpg?fit=713%2C594&ssl=1\",\"width\":713,\"height\":594},{\"@type\":\"WebPage\",\"@id\":\"https:\/\/meetafrenchartist.com\/fr\/shop\/oeuvres\/le-depart#webpage\",\"url\":\"https:\/\/meetafrenchartist.com\/fr\/shop\/oeuvres\/le-depart\",\"name\":\"Le d\u00e9part - Meet a French Artist\",\"isPartOf\":{\"@id\":\"https:\/\/meetafrenchartist.com\/#website\"},\"primaryImageOfPage\":{\"@id\":\"https:\/\/meetafrenchartist.com\/fr\/shop\/oeuvres\/le-depart#primaryimage\"},\"datePublished\":\"2017-01-05T13:49:55+00:00\",\"dateModified\":\"2019-12-09T13:26:49+00:00\",\"breadcrumb\":{\"@id\":\"https:\/\/meetafrenchartist.com\/fr\/shop\/oeuvres\/le-depart#breadcrumb\"},\"inLanguage\":\"fr-FR\",\"potentialAction\":[{\"@type\":\"ReadAction\",\"target\":[\"https:\/\/meetafrenchartist.com\/fr\/shop\/oeuvres\/le-depart\"]}]},{\"@type\":\"BreadcrumbList\",\"@id\":\"https:\/\/meetafrenchartist.com\/fr\/shop\/oeuvres\/le-depart#breadcrumb\",\"itemListElement\":[{\"@type\":\"ListItem\",\"position\":1,\"name\":\"Accueil\",\"item\":\"https:\/\/meetafrenchartist.com\/fr\"},{\"@type\":\"ListItem\",\"position\":2,\"name\":\"Boutique\",\"item\":\"https:\/\/meetafrenchartist.com\/fr\/boutique\"},{\"@type\":\"ListItem\",\"position\":3,\"name\":\"Le d\u00e9part\"}]}]}<\/script>\n<!-- \/ Yoast SEO plugin. -->","yoast_head_json":{"title":"Le d\u00e9part - Meet a French Artist","robots":{"index":"index","follow":"follow","max-snippet":"max-snippet:-1","max-image-preview":"max-image-preview:large","max-video-preview":"max-video-preview:-1"},"canonical":"https:\/\/meetafrenchartist.com\/fr\/shop\/oeuvres\/le-depart","og_locale":"fr_FR","og_type":"article","og_title":"Le d\u00e9part - Meet a French Artist","og_description":"Le d\u00e9part\u00a0est une peinture originale \u00e0 l\u2019huile r\u00e9alis\u00e9e par Edwige Mitterrand Delahaye, artiste peintre. Sujet Le tableau repr\u00e9sente des marins sur le port de Trouville pr\u00eats \u00e0 embarquer \u00ab\u00a0Homme libre, toujours tu ch\u00e9riras la mer ! La mer est ton miroir ; tu contemples ton \u00e2me Dans le d\u00e9roulement infini de sa lame, Et ton [&hellip;]","og_url":"https:\/\/meetafrenchartist.com\/fr\/shop\/oeuvres\/le-depart","og_site_name":"Meet a French Artist","article_modified_time":"2019-12-09T13:26:49+00:00","og_image":[{"width":713,"height":594,"url":"https:\/\/i0.wp.com\/meetafrenchartist.com\/wp-content\/uploads\/2017\/01\/le_depart_Une.jpg?fit=713%2C594&ssl=1","type":"image\/jpeg"}],"twitter_card":"summary_large_image","twitter_misc":{"Dur\u00e9e de lecture estim\u00e9e":"1 minute"},"schema":{"@context":"https:\/\/schema.org","@graph":[{"@type":["Person","Organization"],"@id":"https:\/\/meetafrenchartist.com\/#\/schema\/person\/8328a8986c585017fb846b5e24c1c139","name":"Edwige Mitterrand","image":{"@type":"ImageObject","@id":"https:\/\/meetafrenchartist.com\/#personlogo","inLanguage":"fr-FR","url":"https:\/\/secure.gravatar.com\/avatar\/f968a4eadc158a1f61c5f8f8023a0c88?s=96&d=mm&r=g","contentUrl":"https:\/\/secure.gravatar.com\/avatar\/f968a4eadc158a1f61c5f8f8023a0c88?s=96&d=mm&r=g","caption":"Edwige Mitterrand"},"logo":{"@id":"https:\/\/meetafrenchartist.com\/#personlogo"}},{"@type":"WebSite","@id":"https:\/\/meetafrenchartist.com\/#website","url":"https:\/\/meetafrenchartist.com\/","name":"Meet a French Artist","description":"Edwige Mitterrand Delahaye","publisher":{"@id":"https:\/\/meetafrenchartist.com\/#\/schema\/person\/8328a8986c585017fb846b5e24c1c139"},"potentialAction":[{"@type":"SearchAction","target":{"@type":"EntryPoint","urlTemplate":"https:\/\/meetafrenchartist.com\/?s={search_term_string}"},"query-input":"required name=search_term_string"}],"inLanguage":"fr-FR"},{"@type":"ImageObject","@id":"https:\/\/meetafrenchartist.com\/fr\/shop\/oeuvres\/le-depart#primaryimage","inLanguage":"fr-FR","url":"https:\/\/i0.wp.com\/meetafrenchartist.com\/wp-content\/uploads\/2017\/01\/le_depart_Une.jpg?fit=713%2C594&ssl=1","contentUrl":"https:\/\/i0.wp.com\/meetafrenchartist.com\/wp-content\/uploads\/2017\/01\/le_depart_Une.jpg?fit=713%2C594&ssl=1","width":713,"height":594},{"@type":"WebPage","@id":"https:\/\/meetafrenchartist.com\/fr\/shop\/oeuvres\/le-depart#webpage","url":"https:\/\/meetafrenchartist.com\/fr\/shop\/oeuvres\/le-depart","name":"Le d\u00e9part - Meet a French Artist","isPartOf":{"@id":"https:\/\/meetafrenchartist.com\/#website"},"primaryImageOfPage":{"@id":"https:\/\/meetafrenchartist.com\/fr\/shop\/oeuvres\/le-depart#primaryimage"},"datePublished":"2017-01-05T13:49:55+00:00","dateModified":"2019-12-09T13:26:49+00:00","breadcrumb":{"@id":"https:\/\/meetafrenchartist.com\/fr\/shop\/oeuvres\/le-depart#breadcrumb"},"inLanguage":"fr-FR","potentialAction":[{"@type":"ReadAction","target":["https:\/\/meetafrenchartist.com\/fr\/shop\/oeuvres\/le-depart"]}]},{"@type":"BreadcrumbList","@id":"https:\/\/meetafrenchartist.com\/fr\/shop\/oeuvres\/le-depart#breadcrumb","itemListElement":[{"@type":"ListItem","position":1,"name":"Accueil","item":"https:\/\/meetafrenchartist.com\/fr"},{"@type":"ListItem","position":2,"name":"Boutique","item":"https:\/\/meetafrenchartist.com\/fr\/boutique"},{"@type":"ListItem","position":3,"name":"Le d\u00e9part"}]}]}},"jetpack_sharing_enabled":true,"_links":{"self":[{"href":"https:\/\/meetafrenchartist.com\/fr\/wp-json\/wp\/v2\/product\/1454"}],"collection":[{"href":"https:\/\/meetafrenchartist.com\/fr\/wp-json\/wp\/v2\/product"}],"about":[{"href":"https:\/\/meetafrenchartist.com\/fr\/wp-json\/wp\/v2\/types\/product"}],"replies":[{"embeddable":true,"href":"https:\/\/meetafrenchartist.com\/fr\/wp-json\/wp\/v2\/comments?post=1454"}],"wp:featuredmedia":[{"embeddable":true,"href":"https:\/\/meetafrenchartist.com\/fr\/wp-json\/wp\/v2\/media\/1623"}],"wp:attachment":[{"href":"https:\/\/meetafrenchartist.com\/fr\/wp-json\/wp\/v2\/media?parent=1454"}],"wp:term":[{"taxonomy":"product_cat","embeddable":true,"href":"https:\/\/meetafrenchartist.com\/fr\/wp-json\/wp\/v2\/product_cat?post=1454"},{"taxonomy":"product_tag","embeddable":true,"href":"https:\/\/meetafrenchartist.com\/fr\/wp-json\/wp\/v2\/product_tag?post=1454"}],"curies":[{"name":"wp","href":"https:\/\/api.w.org\/{rel}","templated":true}]}}