{"id":1444,"date":"2016-12-04T17:14:01","date_gmt":"2016-12-04T16:14:01","guid":{"rendered":"https:\/\/meetafrenchartist.com\/produit\/les-toits-de-paris"},"modified":"2020-01-20T16:39:48","modified_gmt":"2020-01-20T15:39:48","slug":"les-toits-de-paris","status":"publish","type":"product","link":"https:\/\/meetafrenchartist.com\/fr\/shop\/oeuvres\/les-toits-de-paris","title":{"rendered":"Les toits de Paris"},"content":{"rendered":"<p><strong>Les toits de Paris<\/strong>\u00a0est une peinture originale \u00e0 l\u2019huile et aux pinceaux r\u00e9alis\u00e9e par Edwige Mitterrand Delahaye.<\/p>\n<p>Le tableau repr\u00e9sente une vue de toits parisiens dans le quartier de <a href=\"https:\/\/meetafrenchartist.com\/fr\/shop\/oeuvres\/peintres-place-du-tertre\" target=\"_blank\" rel=\"noopener noreferrer\">Montmartre<\/a> \u00e0 <a href=\"https:\/\/www.parisinfo.com\/decouvrir-paris\/balades-a-paris\/montmartre-village-a-paris\" target=\"_blank\" rel=\"noopener noreferrer\">Paris<\/a>.<\/p>\n<p>Cette oeuvre est unique, un certificat d\u2019authenticit\u00e9 est remis avec l\u2019oeuvre<\/p>\n<p>(<em>Les couleurs de la toile peuvent varier suivant les param\u00e8tres de votre ordinateur<\/em>)<\/p>\n<h6>Exp\u00e9dition<\/h6>\n<p>La toile est vendue et exp\u00e9di\u00e9e sans cadre<\/p>\n<p>Les frais de livraison sont inclus<\/p>\n<div class=\"sharedaddy sd-sharing-enabled\"><div class=\"robots-nocontent sd-block sd-social sd-social-icon sd-sharing\"><div class=\"sd-content\"><ul><li class=\"share-facebook\"><a rel=\"nofollow noopener noreferrer\" data-shared=\"sharing-facebook-1444\" class=\"share-facebook sd-button share-icon no-text\" href=\"https:\/\/meetafrenchartist.com\/fr\/shop\/oeuvres\/les-toits-de-paris?share=facebook\" target=\"_blank\" title=\"Cliquez pour partager sur Facebook\"><span><\/span><span class=\"sharing-screen-reader-text\">Cliquez pour partager sur Facebook(ouvre dans une nouvelle fen\u00eatre)<\/span><\/a><\/li><li class=\"share-twitter\"><a rel=\"nofollow noopener noreferrer\" data-shared=\"sharing-twitter-1444\" class=\"share-twitter sd-button share-icon no-text\" href=\"https:\/\/meetafrenchartist.com\/fr\/shop\/oeuvres\/les-toits-de-paris?share=twitter\" target=\"_blank\" title=\"Cliquez pour partager sur Twitter\"><span><\/span><span class=\"sharing-screen-reader-text\">Cliquez pour partager sur Twitter(ouvre dans une nouvelle fen\u00eatre)<\/span><\/a><\/li><li class=\"share-tumblr\"><a rel=\"nofollow noopener noreferrer\" data-shared=\"\" class=\"share-tumblr sd-button share-icon no-text\" href=\"https:\/\/meetafrenchartist.com\/fr\/shop\/oeuvres\/les-toits-de-paris?share=tumblr\" target=\"_blank\" title=\"Cliquez pour partager sur Tumblr\"><span><\/span><span class=\"sharing-screen-reader-text\">Cliquez pour partager sur Tumblr(ouvre dans une nouvelle fen\u00eatre)<\/span><\/a><\/li><li class=\"share-pinterest\"><a rel=\"nofollow noopener noreferrer\" data-shared=\"sharing-pinterest-1444\" class=\"share-pinterest sd-button share-icon no-text\" href=\"https:\/\/meetafrenchartist.com\/fr\/shop\/oeuvres\/les-toits-de-paris?share=pinterest\" target=\"_blank\" title=\"Cliquez pour partager sur Pinterest\"><span><\/span><span class=\"sharing-screen-reader-text\">Cliquez pour partager sur Pinterest(ouvre dans une nouvelle fen\u00eatre)<\/span><\/a><\/li><li class=\"share-end\"><\/li><\/ul><\/div><\/div><\/div>","protected":false},"excerpt":{"rendered":"<p><strong>Les toits de Paris<\/strong>\u00a0est une peinture originale \u00e0 l\u2019huile et aux pinceaux r\u00e9alis\u00e9e par Edwige Mitterrand Delahaye.<\/p>\n<p>Le tableau repr\u00e9sente une vue de toits parisiens dans le quartier de Montmartre.<\/p>\n<div class=\"sharedaddy sd-sharing-enabled\"><div class=\"robots-nocontent sd-block sd-social sd-social-icon sd-sharing\"><div class=\"sd-content\"><ul><li class=\"share-facebook\"><a rel=\"nofollow noopener noreferrer\" data-shared=\"sharing-facebook-1444\" class=\"share-facebook sd-button share-icon no-text\" href=\"https:\/\/meetafrenchartist.com\/fr\/shop\/oeuvres\/les-toits-de-paris?share=facebook\" target=\"_blank\" title=\"Cliquez pour partager sur Facebook\"><span><\/span><span class=\"sharing-screen-reader-text\">Cliquez pour partager sur Facebook(ouvre dans une nouvelle fen\u00eatre)<\/span><\/a><\/li><li class=\"share-twitter\"><a rel=\"nofollow noopener noreferrer\" data-shared=\"sharing-twitter-1444\" class=\"share-twitter sd-button share-icon no-text\" href=\"https:\/\/meetafrenchartist.com\/fr\/shop\/oeuvres\/les-toits-de-paris?share=twitter\" target=\"_blank\" title=\"Cliquez pour partager sur Twitter\"><span><\/span><span class=\"sharing-screen-reader-text\">Cliquez pour partager sur Twitter(ouvre dans une nouvelle fen\u00eatre)<\/span><\/a><\/li><li class=\"share-tumblr\"><a rel=\"nofollow noopener noreferrer\" data-shared=\"\" class=\"share-tumblr sd-button share-icon no-text\" href=\"https:\/\/meetafrenchartist.com\/fr\/shop\/oeuvres\/les-toits-de-paris?share=tumblr\" target=\"_blank\" title=\"Cliquez pour partager sur Tumblr\"><span><\/span><span class=\"sharing-screen-reader-text\">Cliquez pour partager sur Tumblr(ouvre dans une nouvelle fen\u00eatre)<\/span><\/a><\/li><li class=\"share-pinterest\"><a rel=\"nofollow noopener noreferrer\" data-shared=\"sharing-pinterest-1444\" class=\"share-pinterest sd-button share-icon no-text\" href=\"https:\/\/meetafrenchartist.com\/fr\/shop\/oeuvres\/les-toits-de-paris?share=pinterest\" target=\"_blank\" title=\"Cliquez pour partager sur Pinterest\"><span><\/span><span class=\"sharing-screen-reader-text\">Cliquez pour partager sur Pinterest(ouvre dans une nouvelle fen\u00eatre)<\/span><\/a><\/li><li class=\"share-end\"><\/li><\/ul><\/div><\/div><\/div>","protected":false},"featured_media":1557,"comment_status":"closed","ping_status":"closed","template":"","meta":{"spay_email":""},"product_cat":[165],"product_tag":[170,172],"acf":[],"yoast_head":"<!-- This site is optimized with the Yoast SEO plugin v18.6 - https:\/\/yoast.com\/wordpress\/plugins\/seo\/ -->\n<title>Les toits de Paris - Meet a French Artist<\/title>\n<meta name=\"description\" content=\"Vue des toits de Paris dans le quartier de Montmartre. Peinture \u00e0 l&#039;huile originale, 20x20cm, r\u00e9alis\u00e9 par l&#039;artiste peintre Edwige Mitterrand Delahaye.\" \/>\n<meta name=\"robots\" content=\"index, follow, max-snippet:-1, max-image-preview:large, max-video-preview:-1\" \/>\n<link rel=\"canonical\" href=\"https:\/\/meetafrenchartist.com\/fr\/shop\/oeuvres\/les-toits-de-paris\" \/>\n<meta property=\"og:locale\" content=\"fr_FR\" \/>\n<meta property=\"og:type\" content=\"article\" \/>\n<meta property=\"og:title\" content=\"Les toits de Paris - Meet a French Artist\" \/>\n<meta property=\"og:description\" content=\"Vue des toits de Paris dans le quartier de Montmartre. Peinture \u00e0 l&#039;huile originale, 20x20cm, r\u00e9alis\u00e9 par l&#039;artiste peintre Edwige Mitterrand Delahaye.\" \/>\n<meta property=\"og:url\" content=\"https:\/\/meetafrenchartist.com\/fr\/shop\/oeuvres\/les-toits-de-paris\" \/>\n<meta property=\"og:site_name\" content=\"Meet a French Artist\" \/>\n<meta property=\"article:modified_time\" content=\"2020-01-20T15:39:48+00:00\" \/>\n<meta property=\"og:image\" content=\"https:\/\/i0.wp.com\/meetafrenchartist.com\/wp-content\/uploads\/2016\/12\/Les_toits_de_Paris_Une.jpg?fit=2109%2C2084&#038;ssl=1\" \/>\n\t<meta property=\"og:image:width\" content=\"2109\" \/>\n\t<meta property=\"og:image:height\" content=\"2084\" \/>\n\t<meta property=\"og:image:type\" content=\"image\/jpeg\" \/>\n<meta name=\"twitter:card\" content=\"summary_large_image\" \/>\n<script type=\"application\/ld+json\" class=\"yoast-schema-graph\">{\"@context\":\"https:\/\/schema.org\",\"@graph\":[{\"@type\":[\"Person\",\"Organization\"],\"@id\":\"https:\/\/meetafrenchartist.com\/#\/schema\/person\/8328a8986c585017fb846b5e24c1c139\",\"name\":\"Edwige Mitterrand\",\"image\":{\"@type\":\"ImageObject\",\"@id\":\"https:\/\/meetafrenchartist.com\/#personlogo\",\"inLanguage\":\"fr-FR\",\"url\":\"https:\/\/secure.gravatar.com\/avatar\/f968a4eadc158a1f61c5f8f8023a0c88?s=96&d=mm&r=g\",\"contentUrl\":\"https:\/\/secure.gravatar.com\/avatar\/f968a4eadc158a1f61c5f8f8023a0c88?s=96&d=mm&r=g\",\"caption\":\"Edwige Mitterrand\"},\"logo\":{\"@id\":\"https:\/\/meetafrenchartist.com\/#personlogo\"}},{\"@type\":\"WebSite\",\"@id\":\"https:\/\/meetafrenchartist.com\/#website\",\"url\":\"https:\/\/meetafrenchartist.com\/\",\"name\":\"Meet a French Artist\",\"description\":\"Edwige Mitterrand Delahaye\",\"publisher\":{\"@id\":\"https:\/\/meetafrenchartist.com\/#\/schema\/person\/8328a8986c585017fb846b5e24c1c139\"},\"potentialAction\":[{\"@type\":\"SearchAction\",\"target\":{\"@type\":\"EntryPoint\",\"urlTemplate\":\"https:\/\/meetafrenchartist.com\/?s={search_term_string}\"},\"query-input\":\"required name=search_term_string\"}],\"inLanguage\":\"fr-FR\"},{\"@type\":\"ImageObject\",\"@id\":\"https:\/\/meetafrenchartist.com\/fr\/shop\/oeuvres\/les-toits-de-paris#primaryimage\",\"inLanguage\":\"fr-FR\",\"url\":\"https:\/\/i0.wp.com\/meetafrenchartist.com\/wp-content\/uploads\/2016\/12\/Les_toits_de_Paris_Une.jpg?fit=2109%2C2084&ssl=1\",\"contentUrl\":\"https:\/\/i0.wp.com\/meetafrenchartist.com\/wp-content\/uploads\/2016\/12\/Les_toits_de_Paris_Une.jpg?fit=2109%2C2084&ssl=1\",\"width\":2109,\"height\":2084,\"caption\":\"Les toits de Paris peinture \u00e0 l'huile\"},{\"@type\":\"WebPage\",\"@id\":\"https:\/\/meetafrenchartist.com\/fr\/shop\/oeuvres\/les-toits-de-paris#webpage\",\"url\":\"https:\/\/meetafrenchartist.com\/fr\/shop\/oeuvres\/les-toits-de-paris\",\"name\":\"Les toits de Paris - Meet a French Artist\",\"isPartOf\":{\"@id\":\"https:\/\/meetafrenchartist.com\/#website\"},\"primaryImageOfPage\":{\"@id\":\"https:\/\/meetafrenchartist.com\/fr\/shop\/oeuvres\/les-toits-de-paris#primaryimage\"},\"datePublished\":\"2016-12-04T16:14:01+00:00\",\"dateModified\":\"2020-01-20T15:39:48+00:00\",\"description\":\"Vue des toits de Paris dans le quartier de Montmartre. Peinture \u00e0 l'huile originale, 20x20cm, r\u00e9alis\u00e9 par l'artiste peintre Edwige Mitterrand Delahaye.\",\"breadcrumb\":{\"@id\":\"https:\/\/meetafrenchartist.com\/fr\/shop\/oeuvres\/les-toits-de-paris#breadcrumb\"},\"inLanguage\":\"fr-FR\",\"potentialAction\":[{\"@type\":\"ReadAction\",\"target\":[\"https:\/\/meetafrenchartist.com\/fr\/shop\/oeuvres\/les-toits-de-paris\"]}]},{\"@type\":\"BreadcrumbList\",\"@id\":\"https:\/\/meetafrenchartist.com\/fr\/shop\/oeuvres\/les-toits-de-paris#breadcrumb\",\"itemListElement\":[{\"@type\":\"ListItem\",\"position\":1,\"name\":\"Accueil\",\"item\":\"https:\/\/meetafrenchartist.com\/fr\"},{\"@type\":\"ListItem\",\"position\":2,\"name\":\"Boutique\",\"item\":\"https:\/\/meetafrenchartist.com\/fr\/boutique\"},{\"@type\":\"ListItem\",\"position\":3,\"name\":\"Les toits de Paris\"}]}]}<\/script>\n<!-- \/ Yoast SEO plugin. -->","yoast_head_json":{"title":"Les toits de Paris - Meet a French Artist","description":"Vue des toits de Paris dans le quartier de Montmartre. Peinture \u00e0 l'huile originale, 20x20cm, r\u00e9alis\u00e9 par l'artiste peintre Edwige Mitterrand Delahaye.","robots":{"index":"index","follow":"follow","max-snippet":"max-snippet:-1","max-image-preview":"max-image-preview:large","max-video-preview":"max-video-preview:-1"},"canonical":"https:\/\/meetafrenchartist.com\/fr\/shop\/oeuvres\/les-toits-de-paris","og_locale":"fr_FR","og_type":"article","og_title":"Les toits de Paris - Meet a French Artist","og_description":"Vue des toits de Paris dans le quartier de Montmartre. Peinture \u00e0 l'huile originale, 20x20cm, r\u00e9alis\u00e9 par l'artiste peintre Edwige Mitterrand Delahaye.","og_url":"https:\/\/meetafrenchartist.com\/fr\/shop\/oeuvres\/les-toits-de-paris","og_site_name":"Meet a French Artist","article_modified_time":"2020-01-20T15:39:48+00:00","og_image":[{"width":2109,"height":2084,"url":"https:\/\/i0.wp.com\/meetafrenchartist.com\/wp-content\/uploads\/2016\/12\/Les_toits_de_Paris_Une.jpg?fit=2109%2C2084&ssl=1","type":"image\/jpeg"}],"twitter_card":"summary_large_image","schema":{"@context":"https:\/\/schema.org","@graph":[{"@type":["Person","Organization"],"@id":"https:\/\/meetafrenchartist.com\/#\/schema\/person\/8328a8986c585017fb846b5e24c1c139","name":"Edwige Mitterrand","image":{"@type":"ImageObject","@id":"https:\/\/meetafrenchartist.com\/#personlogo","inLanguage":"fr-FR","url":"https:\/\/secure.gravatar.com\/avatar\/f968a4eadc158a1f61c5f8f8023a0c88?s=96&d=mm&r=g","contentUrl":"https:\/\/secure.gravatar.com\/avatar\/f968a4eadc158a1f61c5f8f8023a0c88?s=96&d=mm&r=g","caption":"Edwige Mitterrand"},"logo":{"@id":"https:\/\/meetafrenchartist.com\/#personlogo"}},{"@type":"WebSite","@id":"https:\/\/meetafrenchartist.com\/#website","url":"https:\/\/meetafrenchartist.com\/","name":"Meet a French Artist","description":"Edwige Mitterrand Delahaye","publisher":{"@id":"https:\/\/meetafrenchartist.com\/#\/schema\/person\/8328a8986c585017fb846b5e24c1c139"},"potentialAction":[{"@type":"SearchAction","target":{"@type":"EntryPoint","urlTemplate":"https:\/\/meetafrenchartist.com\/?s={search_term_string}"},"query-input":"required name=search_term_string"}],"inLanguage":"fr-FR"},{"@type":"ImageObject","@id":"https:\/\/meetafrenchartist.com\/fr\/shop\/oeuvres\/les-toits-de-paris#primaryimage","inLanguage":"fr-FR","url":"https:\/\/i0.wp.com\/meetafrenchartist.com\/wp-content\/uploads\/2016\/12\/Les_toits_de_Paris_Une.jpg?fit=2109%2C2084&ssl=1","contentUrl":"https:\/\/i0.wp.com\/meetafrenchartist.com\/wp-content\/uploads\/2016\/12\/Les_toits_de_Paris_Une.jpg?fit=2109%2C2084&ssl=1","width":2109,"height":2084,"caption":"Les toits de Paris peinture \u00e0 l'huile"},{"@type":"WebPage","@id":"https:\/\/meetafrenchartist.com\/fr\/shop\/oeuvres\/les-toits-de-paris#webpage","url":"https:\/\/meetafrenchartist.com\/fr\/shop\/oeuvres\/les-toits-de-paris","name":"Les toits de Paris - Meet a French Artist","isPartOf":{"@id":"https:\/\/meetafrenchartist.com\/#website"},"primaryImageOfPage":{"@id":"https:\/\/meetafrenchartist.com\/fr\/shop\/oeuvres\/les-toits-de-paris#primaryimage"},"datePublished":"2016-12-04T16:14:01+00:00","dateModified":"2020-01-20T15:39:48+00:00","description":"Vue des toits de Paris dans le quartier de Montmartre. Peinture \u00e0 l'huile originale, 20x20cm, r\u00e9alis\u00e9 par l'artiste peintre Edwige Mitterrand Delahaye.","breadcrumb":{"@id":"https:\/\/meetafrenchartist.com\/fr\/shop\/oeuvres\/les-toits-de-paris#breadcrumb"},"inLanguage":"fr-FR","potentialAction":[{"@type":"ReadAction","target":["https:\/\/meetafrenchartist.com\/fr\/shop\/oeuvres\/les-toits-de-paris"]}]},{"@type":"BreadcrumbList","@id":"https:\/\/meetafrenchartist.com\/fr\/shop\/oeuvres\/les-toits-de-paris#breadcrumb","itemListElement":[{"@type":"ListItem","position":1,"name":"Accueil","item":"https:\/\/meetafrenchartist.com\/fr"},{"@type":"ListItem","position":2,"name":"Boutique","item":"https:\/\/meetafrenchartist.com\/fr\/boutique"},{"@type":"ListItem","position":3,"name":"Les toits de Paris"}]}]}},"jetpack_sharing_enabled":true,"_links":{"self":[{"href":"https:\/\/meetafrenchartist.com\/fr\/wp-json\/wp\/v2\/product\/1444"}],"collection":[{"href":"https:\/\/meetafrenchartist.com\/fr\/wp-json\/wp\/v2\/product"}],"about":[{"href":"https:\/\/meetafrenchartist.com\/fr\/wp-json\/wp\/v2\/types\/product"}],"replies":[{"embeddable":true,"href":"https:\/\/meetafrenchartist.com\/fr\/wp-json\/wp\/v2\/comments?post=1444"}],"wp:featuredmedia":[{"embeddable":true,"href":"https:\/\/meetafrenchartist.com\/fr\/wp-json\/wp\/v2\/media\/1557"}],"wp:attachment":[{"href":"https:\/\/meetafrenchartist.com\/fr\/wp-json\/wp\/v2\/media?parent=1444"}],"wp:term":[{"taxonomy":"product_cat","embeddable":true,"href":"https:\/\/meetafrenchartist.com\/fr\/wp-json\/wp\/v2\/product_cat?post=1444"},{"taxonomy":"product_tag","embeddable":true,"href":"https:\/\/meetafrenchartist.com\/fr\/wp-json\/wp\/v2\/product_tag?post=1444"}],"curies":[{"name":"wp","href":"https:\/\/api.w.org\/{rel}","templated":true}]}}