{"id":1440,"date":"2016-11-06T15:46:54","date_gmt":"2016-11-06T14:46:54","guid":{"rendered":"https:\/\/meetafrenchartist.com\/produit\/cours-de-peinture-pour-toute-les-familles"},"modified":"2022-07-09T09:10:28","modified_gmt":"2022-07-09T07:10:28","slug":"cours-de-peinture-pour-toute-les-familles","status":"publish","type":"product","link":"https:\/\/meetafrenchartist.com\/fr\/shop\/cours\/cours-de-peinture-pour-toute-les-familles","title":{"rendered":"Cours de peinture pour toute la famille"},"content":{"rendered":"<p>Edwige accueille vos enfants \u00e0 partir de 5 ans dans son atelier \u00a0pour un cours\u00a0de peinture authentique et convivial. Elle les accompagnera tout au long de leur cr\u00e9ation, en les aidant et en leur apprenant de mani\u00e8re p\u00e9dagogique comment dessiner et comment mettre la peinture. Ils auront la joie de peindre sur une toile ou un carton entoil\u00e9 \u00e0 l&rsquo;acrylique ou \u00e0 l&rsquo;aquarelle.<\/p>\n<p>Le cours est ouvert aux enfants de tout niveaux : novice, interm\u00e9diaire ou avanc\u00e9<\/p>\n<h5>\u2022 2h30 de cours de peinture et de dessin personnalis\u00e9<\/h5>\n<p>Edwige met son mat\u00e9riel \u00e0 la disposition de vos enfants : peinture acrylique, aquarelle, papier de dessin, toile, carton entoil\u00e9, pinceaux.<\/p>\n<p>A partir de 12 ans le cours peut durer jusqu&rsquo;\u00e0 3h si l&rsquo;enfant le souhaite.<\/p>\n<h5>\u2022 R\u00e9alisez votre propre toile<\/h5>\n<p>Vos enfants auront le loisir de peindre le sujet de leur choix. S&rsquo;ils n&rsquo;ont pas d&rsquo;id\u00e9e, Edwige pourra mettre \u00e0 leur disposition une grande quantit\u00e9 de mod\u00e8les : animaux, paysage, fleurs, Tour Eiffel et m\u00eame des monstres !<\/p>\n<p>A l&rsquo;issue de l&rsquo;activit\u00e9, vos enfants auront le plaisir de repartir avec leur propre tableau, qu&rsquo;ils n\u2019oublieront pas de signer.<\/p>\n<p>Les parents qui le souhaitent ont la possibilit\u00e9 d&rsquo;assister au cours et de voir leur enfant peindre. Mais si vous souhaitez \u00e9galement vous essayer \u00e0 la peinture, vous avez aussi vous joindre \u00e0 votre enfant pour une le\u00e7on en famille !<\/p>\n<h5>\u2022 Un petit go\u00fbter<\/h5>\n<p>la cr\u00e9ativit\u00e9 ouvre souvent l&rsquo;app\u00e9tit, c&rsquo;est pourquoi Edwige propose des jus de fruits et des petits g\u00e2teaux pour les artistes en herbe.<\/p>\n<p>&nbsp;<\/p>\n<p>&nbsp;<\/p>\n<div class=\"sharedaddy sd-sharing-enabled\"><div class=\"robots-nocontent sd-block sd-social sd-social-icon sd-sharing\"><div class=\"sd-content\"><ul><li class=\"share-facebook\"><a rel=\"nofollow noopener noreferrer\" data-shared=\"sharing-facebook-1440\" class=\"share-facebook sd-button share-icon no-text\" href=\"https:\/\/meetafrenchartist.com\/fr\/shop\/cours\/cours-de-peinture-pour-toute-les-familles?share=facebook\" target=\"_blank\" title=\"Cliquez pour partager sur Facebook\"><span><\/span><span class=\"sharing-screen-reader-text\">Cliquez pour partager sur Facebook(ouvre dans une nouvelle fen\u00eatre)<\/span><\/a><\/li><li class=\"share-twitter\"><a rel=\"nofollow noopener noreferrer\" data-shared=\"sharing-twitter-1440\" class=\"share-twitter sd-button share-icon no-text\" href=\"https:\/\/meetafrenchartist.com\/fr\/shop\/cours\/cours-de-peinture-pour-toute-les-familles?share=twitter\" target=\"_blank\" title=\"Cliquez pour partager sur Twitter\"><span><\/span><span class=\"sharing-screen-reader-text\">Cliquez pour partager sur Twitter(ouvre dans une nouvelle fen\u00eatre)<\/span><\/a><\/li><li class=\"share-tumblr\"><a rel=\"nofollow noopener noreferrer\" data-shared=\"\" class=\"share-tumblr sd-button share-icon no-text\" href=\"https:\/\/meetafrenchartist.com\/fr\/shop\/cours\/cours-de-peinture-pour-toute-les-familles?share=tumblr\" target=\"_blank\" title=\"Cliquez pour partager sur Tumblr\"><span><\/span><span class=\"sharing-screen-reader-text\">Cliquez pour partager sur Tumblr(ouvre dans une nouvelle fen\u00eatre)<\/span><\/a><\/li><li class=\"share-pinterest\"><a rel=\"nofollow noopener noreferrer\" data-shared=\"sharing-pinterest-1440\" class=\"share-pinterest sd-button share-icon no-text\" href=\"https:\/\/meetafrenchartist.com\/fr\/shop\/cours\/cours-de-peinture-pour-toute-les-familles?share=pinterest\" target=\"_blank\" title=\"Cliquez pour partager sur Pinterest\"><span><\/span><span class=\"sharing-screen-reader-text\">Cliquez pour partager sur Pinterest(ouvre dans une nouvelle fen\u00eatre)<\/span><\/a><\/li><li class=\"share-end\"><\/li><\/ul><\/div><\/div><\/div>","protected":false},"excerpt":{"rendered":"<p>Edwige accueille les enfants et les familles dans son atelier pour une activit\u00e9 ludique de 3h autour de la peinture. Ils auront la joie de peindre \u00e0 l&rsquo;acrylique ou \u00e0 l&rsquo;aquarelle.<\/p>\n<div class=\"sharedaddy sd-sharing-enabled\"><div class=\"robots-nocontent sd-block sd-social sd-social-icon sd-sharing\"><div class=\"sd-content\"><ul><li class=\"share-facebook\"><a rel=\"nofollow noopener noreferrer\" data-shared=\"sharing-facebook-1440\" class=\"share-facebook sd-button share-icon no-text\" href=\"https:\/\/meetafrenchartist.com\/fr\/shop\/cours\/cours-de-peinture-pour-toute-les-familles?share=facebook\" target=\"_blank\" title=\"Cliquez pour partager sur Facebook\"><span><\/span><span class=\"sharing-screen-reader-text\">Cliquez pour partager sur Facebook(ouvre dans une nouvelle fen\u00eatre)<\/span><\/a><\/li><li class=\"share-twitter\"><a rel=\"nofollow noopener noreferrer\" data-shared=\"sharing-twitter-1440\" class=\"share-twitter sd-button share-icon no-text\" href=\"https:\/\/meetafrenchartist.com\/fr\/shop\/cours\/cours-de-peinture-pour-toute-les-familles?share=twitter\" target=\"_blank\" title=\"Cliquez pour partager sur Twitter\"><span><\/span><span class=\"sharing-screen-reader-text\">Cliquez pour partager sur Twitter(ouvre dans une nouvelle fen\u00eatre)<\/span><\/a><\/li><li class=\"share-tumblr\"><a rel=\"nofollow noopener noreferrer\" data-shared=\"\" class=\"share-tumblr sd-button share-icon no-text\" href=\"https:\/\/meetafrenchartist.com\/fr\/shop\/cours\/cours-de-peinture-pour-toute-les-familles?share=tumblr\" target=\"_blank\" title=\"Cliquez pour partager sur Tumblr\"><span><\/span><span class=\"sharing-screen-reader-text\">Cliquez pour partager sur Tumblr(ouvre dans une nouvelle fen\u00eatre)<\/span><\/a><\/li><li class=\"share-pinterest\"><a rel=\"nofollow noopener noreferrer\" data-shared=\"sharing-pinterest-1440\" class=\"share-pinterest sd-button share-icon no-text\" href=\"https:\/\/meetafrenchartist.com\/fr\/shop\/cours\/cours-de-peinture-pour-toute-les-familles?share=pinterest\" target=\"_blank\" title=\"Cliquez pour partager sur Pinterest\"><span><\/span><span class=\"sharing-screen-reader-text\">Cliquez pour partager sur Pinterest(ouvre dans une nouvelle fen\u00eatre)<\/span><\/a><\/li><li class=\"share-end\"><\/li><\/ul><\/div><\/div><\/div>","protected":false},"featured_media":1842,"comment_status":"open","ping_status":"closed","template":"","meta":{"spay_email":""},"product_cat":[166],"product_tag":[],"acf":[],"yoast_head":"<!-- This site is optimized with the Yoast SEO plugin v18.6 - https:\/\/yoast.com\/wordpress\/plugins\/seo\/ -->\n<title>Cours de peinture pour toute la famille - Meet a French Artist<\/title>\n<meta name=\"description\" content=\"Edwige accueille vos enfants \u00e0 partir de 5 ans dans son atelier \u00e0 Paris\u00a0pour un cours\u00a0de peinture de 2h30 ludique et chaleureux.\" \/>\n<meta name=\"robots\" content=\"index, follow, max-snippet:-1, max-image-preview:large, max-video-preview:-1\" \/>\n<link rel=\"canonical\" href=\"https:\/\/meetafrenchartist.com\/fr\/shop\/cours\/cours-de-peinture-pour-toute-les-familles\" \/>\n<meta property=\"og:locale\" content=\"fr_FR\" \/>\n<meta property=\"og:type\" content=\"article\" \/>\n<meta property=\"og:title\" content=\"Cours de peinture pour toute la famille - Meet a French Artist\" \/>\n<meta property=\"og:description\" content=\"Edwige accueille vos enfants \u00e0 partir de 5 ans dans son atelier \u00e0 Paris\u00a0pour un cours\u00a0de peinture de 2h30 ludique et chaleureux.\" \/>\n<meta property=\"og:url\" content=\"https:\/\/meetafrenchartist.com\/fr\/shop\/cours\/cours-de-peinture-pour-toute-les-familles\" \/>\n<meta property=\"og:site_name\" content=\"Meet a French Artist\" \/>\n<meta property=\"article:modified_time\" content=\"2022-07-09T07:10:28+00:00\" \/>\n<meta property=\"og:image\" content=\"https:\/\/i0.wp.com\/meetafrenchartist.com\/wp-content\/uploads\/2016\/11\/Art_kids_.jpg?fit=1344%2C1002&#038;ssl=1\" \/>\n\t<meta property=\"og:image:width\" content=\"1344\" \/>\n\t<meta property=\"og:image:height\" content=\"1002\" \/>\n\t<meta property=\"og:image:type\" content=\"image\/jpeg\" \/>\n<meta name=\"twitter:card\" content=\"summary_large_image\" \/>\n<meta name=\"twitter:label1\" content=\"Dur\u00e9e de lecture estim\u00e9e\" \/>\n\t<meta name=\"twitter:data1\" content=\"1 minute\" \/>\n<script type=\"application\/ld+json\" class=\"yoast-schema-graph\">{\"@context\":\"https:\/\/schema.org\",\"@graph\":[{\"@type\":[\"Person\",\"Organization\"],\"@id\":\"https:\/\/meetafrenchartist.com\/#\/schema\/person\/8328a8986c585017fb846b5e24c1c139\",\"name\":\"Edwige Mitterrand\",\"image\":{\"@type\":\"ImageObject\",\"@id\":\"https:\/\/meetafrenchartist.com\/#personlogo\",\"inLanguage\":\"fr-FR\",\"url\":\"https:\/\/secure.gravatar.com\/avatar\/f968a4eadc158a1f61c5f8f8023a0c88?s=96&d=mm&r=g\",\"contentUrl\":\"https:\/\/secure.gravatar.com\/avatar\/f968a4eadc158a1f61c5f8f8023a0c88?s=96&d=mm&r=g\",\"caption\":\"Edwige Mitterrand\"},\"logo\":{\"@id\":\"https:\/\/meetafrenchartist.com\/#personlogo\"}},{\"@type\":\"WebSite\",\"@id\":\"https:\/\/meetafrenchartist.com\/#website\",\"url\":\"https:\/\/meetafrenchartist.com\/\",\"name\":\"Meet a French Artist\",\"description\":\"Edwige Mitterrand Delahaye\",\"publisher\":{\"@id\":\"https:\/\/meetafrenchartist.com\/#\/schema\/person\/8328a8986c585017fb846b5e24c1c139\"},\"potentialAction\":[{\"@type\":\"SearchAction\",\"target\":{\"@type\":\"EntryPoint\",\"urlTemplate\":\"https:\/\/meetafrenchartist.com\/?s={search_term_string}\"},\"query-input\":\"required name=search_term_string\"}],\"inLanguage\":\"fr-FR\"},{\"@type\":\"ImageObject\",\"@id\":\"https:\/\/meetafrenchartist.com\/fr\/shop\/cours\/cours-de-peinture-pour-toute-les-familles#primaryimage\",\"inLanguage\":\"fr-FR\",\"url\":\"https:\/\/i0.wp.com\/meetafrenchartist.com\/wp-content\/uploads\/2016\/11\/Art_kids_.jpg?fit=1344%2C1002&ssl=1\",\"contentUrl\":\"https:\/\/i0.wp.com\/meetafrenchartist.com\/wp-content\/uploads\/2016\/11\/Art_kids_.jpg?fit=1344%2C1002&ssl=1\",\"width\":1344,\"height\":1002},{\"@type\":\"WebPage\",\"@id\":\"https:\/\/meetafrenchartist.com\/fr\/shop\/cours\/cours-de-peinture-pour-toute-les-familles#webpage\",\"url\":\"https:\/\/meetafrenchartist.com\/fr\/shop\/cours\/cours-de-peinture-pour-toute-les-familles\",\"name\":\"Cours de peinture pour toute la famille - Meet a French Artist\",\"isPartOf\":{\"@id\":\"https:\/\/meetafrenchartist.com\/#website\"},\"primaryImageOfPage\":{\"@id\":\"https:\/\/meetafrenchartist.com\/fr\/shop\/cours\/cours-de-peinture-pour-toute-les-familles#primaryimage\"},\"datePublished\":\"2016-11-06T14:46:54+00:00\",\"dateModified\":\"2022-07-09T07:10:28+00:00\",\"description\":\"Edwige accueille vos enfants \u00e0 partir de 5 ans dans son atelier \u00e0 Paris\u00a0pour un cours\u00a0de peinture de 2h30 ludique et chaleureux.\",\"breadcrumb\":{\"@id\":\"https:\/\/meetafrenchartist.com\/fr\/shop\/cours\/cours-de-peinture-pour-toute-les-familles#breadcrumb\"},\"inLanguage\":\"fr-FR\",\"potentialAction\":[{\"@type\":\"ReadAction\",\"target\":[\"https:\/\/meetafrenchartist.com\/fr\/shop\/cours\/cours-de-peinture-pour-toute-les-familles\"]}]},{\"@type\":\"BreadcrumbList\",\"@id\":\"https:\/\/meetafrenchartist.com\/fr\/shop\/cours\/cours-de-peinture-pour-toute-les-familles#breadcrumb\",\"itemListElement\":[{\"@type\":\"ListItem\",\"position\":1,\"name\":\"Accueil\",\"item\":\"https:\/\/meetafrenchartist.com\/fr\"},{\"@type\":\"ListItem\",\"position\":2,\"name\":\"Boutique\",\"item\":\"https:\/\/meetafrenchartist.com\/fr\/boutique\"},{\"@type\":\"ListItem\",\"position\":3,\"name\":\"Cours de peinture pour toute la famille\"}]}]}<\/script>\n<!-- \/ Yoast SEO plugin. -->","yoast_head_json":{"title":"Cours de peinture pour toute la famille - Meet a French Artist","description":"Edwige accueille vos enfants \u00e0 partir de 5 ans dans son atelier \u00e0 Paris\u00a0pour un cours\u00a0de peinture de 2h30 ludique et chaleureux.","robots":{"index":"index","follow":"follow","max-snippet":"max-snippet:-1","max-image-preview":"max-image-preview:large","max-video-preview":"max-video-preview:-1"},"canonical":"https:\/\/meetafrenchartist.com\/fr\/shop\/cours\/cours-de-peinture-pour-toute-les-familles","og_locale":"fr_FR","og_type":"article","og_title":"Cours de peinture pour toute la famille - Meet a French Artist","og_description":"Edwige accueille vos enfants \u00e0 partir de 5 ans dans son atelier \u00e0 Paris\u00a0pour un cours\u00a0de peinture de 2h30 ludique et chaleureux.","og_url":"https:\/\/meetafrenchartist.com\/fr\/shop\/cours\/cours-de-peinture-pour-toute-les-familles","og_site_name":"Meet a French Artist","article_modified_time":"2022-07-09T07:10:28+00:00","og_image":[{"width":1344,"height":1002,"url":"https:\/\/i0.wp.com\/meetafrenchartist.com\/wp-content\/uploads\/2016\/11\/Art_kids_.jpg?fit=1344%2C1002&ssl=1","type":"image\/jpeg"}],"twitter_card":"summary_large_image","twitter_misc":{"Dur\u00e9e de lecture estim\u00e9e":"1 minute"},"schema":{"@context":"https:\/\/schema.org","@graph":[{"@type":["Person","Organization"],"@id":"https:\/\/meetafrenchartist.com\/#\/schema\/person\/8328a8986c585017fb846b5e24c1c139","name":"Edwige Mitterrand","image":{"@type":"ImageObject","@id":"https:\/\/meetafrenchartist.com\/#personlogo","inLanguage":"fr-FR","url":"https:\/\/secure.gravatar.com\/avatar\/f968a4eadc158a1f61c5f8f8023a0c88?s=96&d=mm&r=g","contentUrl":"https:\/\/secure.gravatar.com\/avatar\/f968a4eadc158a1f61c5f8f8023a0c88?s=96&d=mm&r=g","caption":"Edwige Mitterrand"},"logo":{"@id":"https:\/\/meetafrenchartist.com\/#personlogo"}},{"@type":"WebSite","@id":"https:\/\/meetafrenchartist.com\/#website","url":"https:\/\/meetafrenchartist.com\/","name":"Meet a French Artist","description":"Edwige Mitterrand Delahaye","publisher":{"@id":"https:\/\/meetafrenchartist.com\/#\/schema\/person\/8328a8986c585017fb846b5e24c1c139"},"potentialAction":[{"@type":"SearchAction","target":{"@type":"EntryPoint","urlTemplate":"https:\/\/meetafrenchartist.com\/?s={search_term_string}"},"query-input":"required name=search_term_string"}],"inLanguage":"fr-FR"},{"@type":"ImageObject","@id":"https:\/\/meetafrenchartist.com\/fr\/shop\/cours\/cours-de-peinture-pour-toute-les-familles#primaryimage","inLanguage":"fr-FR","url":"https:\/\/i0.wp.com\/meetafrenchartist.com\/wp-content\/uploads\/2016\/11\/Art_kids_.jpg?fit=1344%2C1002&ssl=1","contentUrl":"https:\/\/i0.wp.com\/meetafrenchartist.com\/wp-content\/uploads\/2016\/11\/Art_kids_.jpg?fit=1344%2C1002&ssl=1","width":1344,"height":1002},{"@type":"WebPage","@id":"https:\/\/meetafrenchartist.com\/fr\/shop\/cours\/cours-de-peinture-pour-toute-les-familles#webpage","url":"https:\/\/meetafrenchartist.com\/fr\/shop\/cours\/cours-de-peinture-pour-toute-les-familles","name":"Cours de peinture pour toute la famille - Meet a French Artist","isPartOf":{"@id":"https:\/\/meetafrenchartist.com\/#website"},"primaryImageOfPage":{"@id":"https:\/\/meetafrenchartist.com\/fr\/shop\/cours\/cours-de-peinture-pour-toute-les-familles#primaryimage"},"datePublished":"2016-11-06T14:46:54+00:00","dateModified":"2022-07-09T07:10:28+00:00","description":"Edwige accueille vos enfants \u00e0 partir de 5 ans dans son atelier \u00e0 Paris\u00a0pour un cours\u00a0de peinture de 2h30 ludique et chaleureux.","breadcrumb":{"@id":"https:\/\/meetafrenchartist.com\/fr\/shop\/cours\/cours-de-peinture-pour-toute-les-familles#breadcrumb"},"inLanguage":"fr-FR","potentialAction":[{"@type":"ReadAction","target":["https:\/\/meetafrenchartist.com\/fr\/shop\/cours\/cours-de-peinture-pour-toute-les-familles"]}]},{"@type":"BreadcrumbList","@id":"https:\/\/meetafrenchartist.com\/fr\/shop\/cours\/cours-de-peinture-pour-toute-les-familles#breadcrumb","itemListElement":[{"@type":"ListItem","position":1,"name":"Accueil","item":"https:\/\/meetafrenchartist.com\/fr"},{"@type":"ListItem","position":2,"name":"Boutique","item":"https:\/\/meetafrenchartist.com\/fr\/boutique"},{"@type":"ListItem","position":3,"name":"Cours de peinture pour toute la famille"}]}]}},"jetpack_sharing_enabled":true,"_links":{"self":[{"href":"https:\/\/meetafrenchartist.com\/fr\/wp-json\/wp\/v2\/product\/1440"}],"collection":[{"href":"https:\/\/meetafrenchartist.com\/fr\/wp-json\/wp\/v2\/product"}],"about":[{"href":"https:\/\/meetafrenchartist.com\/fr\/wp-json\/wp\/v2\/types\/product"}],"replies":[{"embeddable":true,"href":"https:\/\/meetafrenchartist.com\/fr\/wp-json\/wp\/v2\/comments?post=1440"}],"wp:featuredmedia":[{"embeddable":true,"href":"https:\/\/meetafrenchartist.com\/fr\/wp-json\/wp\/v2\/media\/1842"}],"wp:attachment":[{"href":"https:\/\/meetafrenchartist.com\/fr\/wp-json\/wp\/v2\/media?parent=1440"}],"wp:term":[{"taxonomy":"product_cat","embeddable":true,"href":"https:\/\/meetafrenchartist.com\/fr\/wp-json\/wp\/v2\/product_cat?post=1440"},{"taxonomy":"product_tag","embeddable":true,"href":"https:\/\/meetafrenchartist.com\/fr\/wp-json\/wp\/v2\/product_tag?post=1440"}],"curies":[{"name":"wp","href":"https:\/\/api.w.org\/{rel}","templated":true}]}}