{"id":1439,"date":"2024-04-04T15:46:05","date_gmt":"2016-11-06T14:46:05","guid":{"rendered":"https:\/\/meetafrenchartist.com\/produit\/cours-de-peinture-pigalle"},"modified":"2024-04-25T19:09:51","modified_gmt":"2024-04-25T17:09:51","slug":"cours-de-peinture-exterieur-paris","status":"publish","type":"product","link":"https:\/\/meetafrenchartist.com\/fr\/shop\/cours\/cours-de-peinture-exterieur-paris","title":{"rendered":"Cours de peinture ext\u00e9rieur \u00e0 Paris"},"content":{"rendered":"<p>Edwige vous accompagne dans la r\u00e9alisation de votre toile lors d&rsquo;un cours de peinture ext\u00e9rieur \u00e0 Paris :<\/p>\n<ul>\n<li>\n<h5>En ext\u00e9rieur (Jardin du Luxembourg, Tour Eiffel, Bords de Seine, Montmartre) &#8211; 2 heures &#8211; jusqu&rsquo;\u00e0 4 personnes<\/h5>\n<\/li>\n<\/ul>\n<p>Retrouvez Edwige\u00a0 dans les rues de la capitale afin de\u00a0 r\u00e9aliser, comme les plus grandes figures impressionnistes, votre toile en directement sur site.<\/p>\n<p>En vraie parisienne Edwige conna\u00eet les meilleurs endroits pour poser vos pinceaux et peindre au mieux. Elle vous propose 4 lieux adapt\u00e9s \u00e0 un cours de peinture en ext\u00e9rieur de 2h : le <a href=\"https:\/\/www.bing.com\/maps?q=jardin+du+luxembourg&amp;FORM=HDRSC6&amp;cp=48.848267%7E2.337191&amp;lvl=16.0\" target=\"_blank\" rel=\"noopener\">Jardin du Luxembourg<\/a>, la Tour Eiffel, les bords de Seine et Montmartre.<\/p>\n<p>L&rsquo;ensemble du mat\u00e9riel est fourni, venez uniquement avec votre talent.<\/p>\n<p><strong>Durant les Jeux Olympiques 2024 de Paris ( Juillet), certains lieux seront inaccessibles. Les le\u00e7ons de peinture en ext\u00e9rieur se feront uniquement au Jardin du Luxembourg.\u00a0<\/strong><\/p>\n<p><em>Privatisation sur demande<\/em><\/p>\n<ul>\n<li>\n<h5>Dans votre lieu de s\u00e9jour sur Paris &#8211; 2 \u00e0 3 heures &#8211; jusqu&rsquo;\u00e0 4 personnes<\/h5>\n<\/li>\n<\/ul>\n<p>Edwige vous propose de venir avec son mat\u00e9riel de peinture dans votre lieu de r\u00e9sidence \u00e0 Paris afin de vous aider \u00e0 la r\u00e9alisation de votre toile.. Que vous soyez \u00e0 l&rsquo; h\u00f4tel ou dans un appartement sur la Capitale.<\/p>\n<p>&nbsp;<\/p>\n<div class=\"sharedaddy sd-sharing-enabled\"><div class=\"robots-nocontent sd-block sd-social sd-social-icon sd-sharing\"><div class=\"sd-content\"><ul><li class=\"share-facebook\"><a rel=\"nofollow noopener noreferrer\" data-shared=\"sharing-facebook-1439\" class=\"share-facebook sd-button share-icon no-text\" href=\"https:\/\/meetafrenchartist.com\/fr\/shop\/cours\/cours-de-peinture-exterieur-paris?share=facebook\" target=\"_blank\" title=\"Cliquez pour partager sur Facebook\"><span><\/span><span class=\"sharing-screen-reader-text\">Cliquez pour partager sur Facebook(ouvre dans une nouvelle fen\u00eatre)<\/span><\/a><\/li><li class=\"share-twitter\"><a rel=\"nofollow noopener noreferrer\" data-shared=\"sharing-twitter-1439\" class=\"share-twitter sd-button share-icon no-text\" href=\"https:\/\/meetafrenchartist.com\/fr\/shop\/cours\/cours-de-peinture-exterieur-paris?share=twitter\" target=\"_blank\" title=\"Cliquez pour partager sur Twitter\"><span><\/span><span class=\"sharing-screen-reader-text\">Cliquez pour partager sur Twitter(ouvre dans une nouvelle fen\u00eatre)<\/span><\/a><\/li><li class=\"share-tumblr\"><a rel=\"nofollow noopener noreferrer\" data-shared=\"\" class=\"share-tumblr sd-button share-icon no-text\" href=\"https:\/\/meetafrenchartist.com\/fr\/shop\/cours\/cours-de-peinture-exterieur-paris?share=tumblr\" target=\"_blank\" title=\"Cliquez pour partager sur Tumblr\"><span><\/span><span class=\"sharing-screen-reader-text\">Cliquez pour partager sur Tumblr(ouvre dans une nouvelle fen\u00eatre)<\/span><\/a><\/li><li class=\"share-pinterest\"><a rel=\"nofollow noopener noreferrer\" data-shared=\"sharing-pinterest-1439\" class=\"share-pinterest sd-button share-icon no-text\" href=\"https:\/\/meetafrenchartist.com\/fr\/shop\/cours\/cours-de-peinture-exterieur-paris?share=pinterest\" target=\"_blank\" title=\"Cliquez pour partager sur Pinterest\"><span><\/span><span class=\"sharing-screen-reader-text\">Cliquez pour partager sur Pinterest(ouvre dans une nouvelle fen\u00eatre)<\/span><\/a><\/li><li class=\"share-end\"><\/li><\/ul><\/div><\/div><\/div>","protected":false},"excerpt":{"rendered":"<p>Edwige vous accompagne dans la r\u00e9alisation de votre toile lors de cours de peinture privatis\u00e9s d&rsquo;exception !<\/p>\n<div class=\"sharedaddy sd-sharing-enabled\"><div class=\"robots-nocontent sd-block sd-social sd-social-icon sd-sharing\"><div class=\"sd-content\"><ul><li class=\"share-facebook\"><a rel=\"nofollow noopener noreferrer\" data-shared=\"sharing-facebook-1439\" class=\"share-facebook sd-button share-icon no-text\" href=\"https:\/\/meetafrenchartist.com\/fr\/shop\/cours\/cours-de-peinture-exterieur-paris?share=facebook\" target=\"_blank\" title=\"Cliquez pour partager sur Facebook\"><span><\/span><span class=\"sharing-screen-reader-text\">Cliquez pour partager sur Facebook(ouvre dans une nouvelle fen\u00eatre)<\/span><\/a><\/li><li class=\"share-twitter\"><a rel=\"nofollow noopener noreferrer\" data-shared=\"sharing-twitter-1439\" class=\"share-twitter sd-button share-icon no-text\" href=\"https:\/\/meetafrenchartist.com\/fr\/shop\/cours\/cours-de-peinture-exterieur-paris?share=twitter\" target=\"_blank\" title=\"Cliquez pour partager sur Twitter\"><span><\/span><span class=\"sharing-screen-reader-text\">Cliquez pour partager sur Twitter(ouvre dans une nouvelle fen\u00eatre)<\/span><\/a><\/li><li class=\"share-tumblr\"><a rel=\"nofollow noopener noreferrer\" data-shared=\"\" class=\"share-tumblr sd-button share-icon no-text\" href=\"https:\/\/meetafrenchartist.com\/fr\/shop\/cours\/cours-de-peinture-exterieur-paris?share=tumblr\" target=\"_blank\" title=\"Cliquez pour partager sur Tumblr\"><span><\/span><span class=\"sharing-screen-reader-text\">Cliquez pour partager sur Tumblr(ouvre dans une nouvelle fen\u00eatre)<\/span><\/a><\/li><li class=\"share-pinterest\"><a rel=\"nofollow noopener noreferrer\" data-shared=\"sharing-pinterest-1439\" class=\"share-pinterest sd-button share-icon no-text\" href=\"https:\/\/meetafrenchartist.com\/fr\/shop\/cours\/cours-de-peinture-exterieur-paris?share=pinterest\" target=\"_blank\" title=\"Cliquez pour partager sur Pinterest\"><span><\/span><span class=\"sharing-screen-reader-text\">Cliquez pour partager sur Pinterest(ouvre dans une nouvelle fen\u00eatre)<\/span><\/a><\/li><li class=\"share-end\"><\/li><\/ul><\/div><\/div><\/div>","protected":false},"featured_media":23919,"comment_status":"open","ping_status":"closed","template":"","meta":{"spay_email":""},"product_cat":[166],"product_tag":[],"acf":[],"yoast_head":"<!-- This site is optimized with the Yoast SEO plugin v18.6 - https:\/\/yoast.com\/wordpress\/plugins\/seo\/ -->\n<title>Cours de peinture ext\u00e9rieur \u00e0 Paris - Meet a French Artist<\/title>\n<meta name=\"description\" content=\"Edwige vous accompagne dans la cr\u00e9ation de votre tableau \u00e0 l&#039;acrylique ou \u00e0 l&#039;aquarelle lors d&#039;un cours de peinture ext\u00e9rieur dans Paris.\" \/>\n<meta name=\"robots\" content=\"index, follow, max-snippet:-1, max-image-preview:large, max-video-preview:-1\" \/>\n<link rel=\"canonical\" href=\"https:\/\/meetafrenchartist.com\/fr\/shop\/cours\/cours-de-peinture-exterieur-paris\" \/>\n<meta property=\"og:locale\" content=\"fr_FR\" \/>\n<meta property=\"og:type\" content=\"article\" \/>\n<meta property=\"og:title\" content=\"Cours de peinture ext\u00e9rieur \u00e0 Paris - Meet a French Artist\" \/>\n<meta property=\"og:description\" content=\"Edwige vous accompagne dans la cr\u00e9ation de votre tableau \u00e0 l&#039;acrylique ou \u00e0 l&#039;aquarelle lors d&#039;un cours de peinture ext\u00e9rieur dans Paris.\" \/>\n<meta property=\"og:url\" content=\"https:\/\/meetafrenchartist.com\/fr\/shop\/cours\/cours-de-peinture-exterieur-paris\" \/>\n<meta property=\"og:site_name\" content=\"Meet a French Artist\" \/>\n<meta property=\"article:modified_time\" content=\"2024-04-25T17:09:51+00:00\" \/>\n<meta property=\"og:image\" content=\"https:\/\/meetafrenchartist.com\/wp-content\/uploads\/2016\/11\/Luxembourg_Outdoor-painting-scaled.jpg\" \/>\n\t<meta property=\"og:image:width\" content=\"2560\" \/>\n\t<meta property=\"og:image:height\" content=\"1920\" \/>\n\t<meta property=\"og:image:type\" content=\"image\/jpeg\" \/>\n<meta name=\"twitter:card\" content=\"summary_large_image\" \/>\n<meta name=\"twitter:label1\" content=\"Dur\u00e9e de lecture estim\u00e9e\" \/>\n\t<meta name=\"twitter:data1\" content=\"1 minute\" \/>\n<script type=\"application\/ld+json\" class=\"yoast-schema-graph\">{\"@context\":\"https:\/\/schema.org\",\"@graph\":[{\"@type\":[\"Person\",\"Organization\"],\"@id\":\"https:\/\/meetafrenchartist.com\/#\/schema\/person\/8328a8986c585017fb846b5e24c1c139\",\"name\":\"Edwige Mitterrand\",\"image\":{\"@type\":\"ImageObject\",\"@id\":\"https:\/\/meetafrenchartist.com\/#personlogo\",\"inLanguage\":\"fr-FR\",\"url\":\"https:\/\/secure.gravatar.com\/avatar\/f968a4eadc158a1f61c5f8f8023a0c88?s=96&d=mm&r=g\",\"contentUrl\":\"https:\/\/secure.gravatar.com\/avatar\/f968a4eadc158a1f61c5f8f8023a0c88?s=96&d=mm&r=g\",\"caption\":\"Edwige Mitterrand\"},\"logo\":{\"@id\":\"https:\/\/meetafrenchartist.com\/#personlogo\"}},{\"@type\":\"WebSite\",\"@id\":\"https:\/\/meetafrenchartist.com\/#website\",\"url\":\"https:\/\/meetafrenchartist.com\/\",\"name\":\"Meet a French Artist\",\"description\":\"Edwige Mitterrand Delahaye\",\"publisher\":{\"@id\":\"https:\/\/meetafrenchartist.com\/#\/schema\/person\/8328a8986c585017fb846b5e24c1c139\"},\"potentialAction\":[{\"@type\":\"SearchAction\",\"target\":{\"@type\":\"EntryPoint\",\"urlTemplate\":\"https:\/\/meetafrenchartist.com\/?s={search_term_string}\"},\"query-input\":\"required name=search_term_string\"}],\"inLanguage\":\"fr-FR\"},{\"@type\":\"ImageObject\",\"@id\":\"https:\/\/meetafrenchartist.com\/fr\/shop\/cours\/cours-de-peinture-exterieur-paris#primaryimage\",\"inLanguage\":\"fr-FR\",\"url\":\"https:\/\/i0.wp.com\/meetafrenchartist.com\/wp-content\/uploads\/2016\/11\/Luxembourg_Outdoor-painting-scaled.jpg?fit=2560%2C1920&ssl=1\",\"contentUrl\":\"https:\/\/i0.wp.com\/meetafrenchartist.com\/wp-content\/uploads\/2016\/11\/Luxembourg_Outdoor-painting-scaled.jpg?fit=2560%2C1920&ssl=1\",\"width\":2560,\"height\":1920,\"caption\":\"Cours de peinture ext\u00e9rieur\"},{\"@type\":\"WebPage\",\"@id\":\"https:\/\/meetafrenchartist.com\/fr\/shop\/cours\/cours-de-peinture-exterieur-paris#webpage\",\"url\":\"https:\/\/meetafrenchartist.com\/fr\/shop\/cours\/cours-de-peinture-exterieur-paris\",\"name\":\"Cours de peinture ext\u00e9rieur \u00e0 Paris - Meet a French Artist\",\"isPartOf\":{\"@id\":\"https:\/\/meetafrenchartist.com\/#website\"},\"primaryImageOfPage\":{\"@id\":\"https:\/\/meetafrenchartist.com\/fr\/shop\/cours\/cours-de-peinture-exterieur-paris#primaryimage\"},\"datePublished\":\"2016-11-06T14:46:05+00:00\",\"dateModified\":\"2024-04-25T17:09:51+00:00\",\"description\":\"Edwige vous accompagne dans la cr\u00e9ation de votre tableau \u00e0 l'acrylique ou \u00e0 l'aquarelle lors d'un cours de peinture ext\u00e9rieur dans Paris.\",\"breadcrumb\":{\"@id\":\"https:\/\/meetafrenchartist.com\/fr\/shop\/cours\/cours-de-peinture-exterieur-paris#breadcrumb\"},\"inLanguage\":\"fr-FR\",\"potentialAction\":[{\"@type\":\"ReadAction\",\"target\":[\"https:\/\/meetafrenchartist.com\/fr\/shop\/cours\/cours-de-peinture-exterieur-paris\"]}]},{\"@type\":\"BreadcrumbList\",\"@id\":\"https:\/\/meetafrenchartist.com\/fr\/shop\/cours\/cours-de-peinture-exterieur-paris#breadcrumb\",\"itemListElement\":[{\"@type\":\"ListItem\",\"position\":1,\"name\":\"Accueil\",\"item\":\"https:\/\/meetafrenchartist.com\/fr\"},{\"@type\":\"ListItem\",\"position\":2,\"name\":\"Boutique\",\"item\":\"https:\/\/meetafrenchartist.com\/fr\/boutique\"},{\"@type\":\"ListItem\",\"position\":3,\"name\":\"Cours de peinture ext\u00e9rieur \u00e0 Paris\"}]}]}<\/script>\n<!-- \/ Yoast SEO plugin. -->","yoast_head_json":{"title":"Cours de peinture ext\u00e9rieur \u00e0 Paris - Meet a French Artist","description":"Edwige vous accompagne dans la cr\u00e9ation de votre tableau \u00e0 l'acrylique ou \u00e0 l'aquarelle lors d'un cours de peinture ext\u00e9rieur dans Paris.","robots":{"index":"index","follow":"follow","max-snippet":"max-snippet:-1","max-image-preview":"max-image-preview:large","max-video-preview":"max-video-preview:-1"},"canonical":"https:\/\/meetafrenchartist.com\/fr\/shop\/cours\/cours-de-peinture-exterieur-paris","og_locale":"fr_FR","og_type":"article","og_title":"Cours de peinture ext\u00e9rieur \u00e0 Paris - Meet a French Artist","og_description":"Edwige vous accompagne dans la cr\u00e9ation de votre tableau \u00e0 l'acrylique ou \u00e0 l'aquarelle lors d'un cours de peinture ext\u00e9rieur dans Paris.","og_url":"https:\/\/meetafrenchartist.com\/fr\/shop\/cours\/cours-de-peinture-exterieur-paris","og_site_name":"Meet a French Artist","article_modified_time":"2024-04-25T17:09:51+00:00","og_image":[{"width":2560,"height":1920,"url":"https:\/\/meetafrenchartist.com\/wp-content\/uploads\/2016\/11\/Luxembourg_Outdoor-painting-scaled.jpg","type":"image\/jpeg"}],"twitter_card":"summary_large_image","twitter_misc":{"Dur\u00e9e de lecture estim\u00e9e":"1 minute"},"schema":{"@context":"https:\/\/schema.org","@graph":[{"@type":["Person","Organization"],"@id":"https:\/\/meetafrenchartist.com\/#\/schema\/person\/8328a8986c585017fb846b5e24c1c139","name":"Edwige Mitterrand","image":{"@type":"ImageObject","@id":"https:\/\/meetafrenchartist.com\/#personlogo","inLanguage":"fr-FR","url":"https:\/\/secure.gravatar.com\/avatar\/f968a4eadc158a1f61c5f8f8023a0c88?s=96&d=mm&r=g","contentUrl":"https:\/\/secure.gravatar.com\/avatar\/f968a4eadc158a1f61c5f8f8023a0c88?s=96&d=mm&r=g","caption":"Edwige Mitterrand"},"logo":{"@id":"https:\/\/meetafrenchartist.com\/#personlogo"}},{"@type":"WebSite","@id":"https:\/\/meetafrenchartist.com\/#website","url":"https:\/\/meetafrenchartist.com\/","name":"Meet a French Artist","description":"Edwige Mitterrand Delahaye","publisher":{"@id":"https:\/\/meetafrenchartist.com\/#\/schema\/person\/8328a8986c585017fb846b5e24c1c139"},"potentialAction":[{"@type":"SearchAction","target":{"@type":"EntryPoint","urlTemplate":"https:\/\/meetafrenchartist.com\/?s={search_term_string}"},"query-input":"required name=search_term_string"}],"inLanguage":"fr-FR"},{"@type":"ImageObject","@id":"https:\/\/meetafrenchartist.com\/fr\/shop\/cours\/cours-de-peinture-exterieur-paris#primaryimage","inLanguage":"fr-FR","url":"https:\/\/i0.wp.com\/meetafrenchartist.com\/wp-content\/uploads\/2016\/11\/Luxembourg_Outdoor-painting-scaled.jpg?fit=2560%2C1920&ssl=1","contentUrl":"https:\/\/i0.wp.com\/meetafrenchartist.com\/wp-content\/uploads\/2016\/11\/Luxembourg_Outdoor-painting-scaled.jpg?fit=2560%2C1920&ssl=1","width":2560,"height":1920,"caption":"Cours de peinture ext\u00e9rieur"},{"@type":"WebPage","@id":"https:\/\/meetafrenchartist.com\/fr\/shop\/cours\/cours-de-peinture-exterieur-paris#webpage","url":"https:\/\/meetafrenchartist.com\/fr\/shop\/cours\/cours-de-peinture-exterieur-paris","name":"Cours de peinture ext\u00e9rieur \u00e0 Paris - Meet a French Artist","isPartOf":{"@id":"https:\/\/meetafrenchartist.com\/#website"},"primaryImageOfPage":{"@id":"https:\/\/meetafrenchartist.com\/fr\/shop\/cours\/cours-de-peinture-exterieur-paris#primaryimage"},"datePublished":"2016-11-06T14:46:05+00:00","dateModified":"2024-04-25T17:09:51+00:00","description":"Edwige vous accompagne dans la cr\u00e9ation de votre tableau \u00e0 l'acrylique ou \u00e0 l'aquarelle lors d'un cours de peinture ext\u00e9rieur dans Paris.","breadcrumb":{"@id":"https:\/\/meetafrenchartist.com\/fr\/shop\/cours\/cours-de-peinture-exterieur-paris#breadcrumb"},"inLanguage":"fr-FR","potentialAction":[{"@type":"ReadAction","target":["https:\/\/meetafrenchartist.com\/fr\/shop\/cours\/cours-de-peinture-exterieur-paris"]}]},{"@type":"BreadcrumbList","@id":"https:\/\/meetafrenchartist.com\/fr\/shop\/cours\/cours-de-peinture-exterieur-paris#breadcrumb","itemListElement":[{"@type":"ListItem","position":1,"name":"Accueil","item":"https:\/\/meetafrenchartist.com\/fr"},{"@type":"ListItem","position":2,"name":"Boutique","item":"https:\/\/meetafrenchartist.com\/fr\/boutique"},{"@type":"ListItem","position":3,"name":"Cours de peinture ext\u00e9rieur \u00e0 Paris"}]}]}},"jetpack_sharing_enabled":true,"_links":{"self":[{"href":"https:\/\/meetafrenchartist.com\/fr\/wp-json\/wp\/v2\/product\/1439"}],"collection":[{"href":"https:\/\/meetafrenchartist.com\/fr\/wp-json\/wp\/v2\/product"}],"about":[{"href":"https:\/\/meetafrenchartist.com\/fr\/wp-json\/wp\/v2\/types\/product"}],"replies":[{"embeddable":true,"href":"https:\/\/meetafrenchartist.com\/fr\/wp-json\/wp\/v2\/comments?post=1439"}],"wp:featuredmedia":[{"embeddable":true,"href":"https:\/\/meetafrenchartist.com\/fr\/wp-json\/wp\/v2\/media\/23919"}],"wp:attachment":[{"href":"https:\/\/meetafrenchartist.com\/fr\/wp-json\/wp\/v2\/media?parent=1439"}],"wp:term":[{"taxonomy":"product_cat","embeddable":true,"href":"https:\/\/meetafrenchartist.com\/fr\/wp-json\/wp\/v2\/product_cat?post=1439"},{"taxonomy":"product_tag","embeddable":true,"href":"https:\/\/meetafrenchartist.com\/fr\/wp-json\/wp\/v2\/product_tag?post=1439"}],"curies":[{"name":"wp","href":"https:\/\/api.w.org\/{rel}","templated":true}]}}