{"id":1438,"date":"2024-03-01T15:30:18","date_gmt":"2016-11-01T14:30:18","guid":{"rendered":"https:\/\/meetafrenchartist.com\/produit\/cours-de-peinture-dans-latelier"},"modified":"2023-12-10T16:12:04","modified_gmt":"2023-12-10T15:12:04","slug":"cours-de-peinture-dans-latelier","status":"publish","type":"product","link":"https:\/\/meetafrenchartist.com\/fr\/shop\/cours\/cours-de-peinture-dans-latelier","title":{"rendered":"Cours de peinture dans l&rsquo;atelier de l&rsquo;artiste"},"content":{"rendered":"<p>Edwige vous accueille dans son atelier situ\u00e9 dans le <a href=\"https:\/\/www.google.fr\/maps\/place\/Porte+de+Saint-Cloud,+75016+Paris\/@48.8392123,2.257989,16z\/data=!4m5!3m4!1s0x47e67abe707a55a5:0x9b23ced090107cd5!8m2!3d48.835873!4d2.2607117\" target=\"_blank\" rel=\"noopener noreferrer\">16\u00e8me arrondissement de Paris<\/a> pour un cours de peinture authentique et convivial. Elle vous enseignera les techniques de la peinture \u00e0 l\u2019huile, de l\u2019acrylique et de l&rsquo;aquarelle autour d\u2019un petit d\u00e9jeuner typiquement fran\u00e7ais et vous fera d\u00e9couvrir ou red\u00e9couvrir les grandes figures de la peinture impressionniste.<\/p>\n<p><strong>Le cours est ouvert aux adultes et aux enfants de tout niveaux : novice, interm\u00e9diaire ou avanc\u00e9<\/strong><\/p>\n<h5>\u2022 3h de cours de peinture et de dessin\u00a0personnalis\u00e9<\/h5>\n<p>Le cours de peinture est donn\u00e9 dans l&rsquo;atelier d&rsquo;Edwige. Vous r\u00e9aliserez votre \u0153uvre sur le support de votre choix :\u00a0 toile, carton entoil\u00e9, papier \u00e0 dessin. Vous aurez pourrez \u00e9galement le loisir d&rsquo;utiliser la technique qui vous conviendra le mieux : huile, acrylique, aquarelle, pastel, pinceaux, couteau.<br \/>\nEdwige met \u00e0 votre disposition son mat\u00e9riel.<\/p>\n<h5>\u2022 R\u00e9alisez votre propre toile<\/h5>\n<p>Jardin, marine, nature morte, vous pourrez choisir le sujet de votre choix et \u00e0 l&rsquo;issue du cours vous repartirez avec votre toile.<\/p>\n<h5>\u2022 Petit-d\u00e9jeuner parisien<\/h5>\n<p>Viennoiseries fran\u00e7aises (pain au chocolat, croissant, pain aux raisins, chouquettes&#8230;), baguette traditionnelle, beurre normand, th\u00e9, caf\u00e9, jus de fruit<\/p>\n<h5>\u2022 D\u00e9couverte de l\u2019atelier de l\u2019artiste<\/h5>\n<p>et des grandes figures impressionnistes fran\u00e7aises : Claude Monet, Eug\u00e8ne Boudin, Auguste\u00a0Renoir<\/p>\n<h6><\/h6>\n<p>&nbsp;<\/p>\n<div class=\"sharedaddy sd-sharing-enabled\"><div class=\"robots-nocontent sd-block sd-social sd-social-icon sd-sharing\"><div class=\"sd-content\"><ul><li class=\"share-facebook\"><a rel=\"nofollow noopener noreferrer\" data-shared=\"sharing-facebook-1438\" class=\"share-facebook sd-button share-icon no-text\" href=\"https:\/\/meetafrenchartist.com\/fr\/shop\/cours\/cours-de-peinture-dans-latelier?share=facebook\" target=\"_blank\" title=\"Cliquez pour partager sur Facebook\"><span><\/span><span class=\"sharing-screen-reader-text\">Cliquez pour partager sur Facebook(ouvre dans une nouvelle fen\u00eatre)<\/span><\/a><\/li><li class=\"share-twitter\"><a rel=\"nofollow noopener noreferrer\" data-shared=\"sharing-twitter-1438\" class=\"share-twitter sd-button share-icon no-text\" href=\"https:\/\/meetafrenchartist.com\/fr\/shop\/cours\/cours-de-peinture-dans-latelier?share=twitter\" target=\"_blank\" title=\"Cliquez pour partager sur Twitter\"><span><\/span><span class=\"sharing-screen-reader-text\">Cliquez pour partager sur Twitter(ouvre dans une nouvelle fen\u00eatre)<\/span><\/a><\/li><li class=\"share-tumblr\"><a rel=\"nofollow noopener noreferrer\" data-shared=\"\" class=\"share-tumblr sd-button share-icon no-text\" href=\"https:\/\/meetafrenchartist.com\/fr\/shop\/cours\/cours-de-peinture-dans-latelier?share=tumblr\" target=\"_blank\" title=\"Cliquez pour partager sur Tumblr\"><span><\/span><span class=\"sharing-screen-reader-text\">Cliquez pour partager sur Tumblr(ouvre dans une nouvelle fen\u00eatre)<\/span><\/a><\/li><li class=\"share-pinterest\"><a rel=\"nofollow noopener noreferrer\" data-shared=\"sharing-pinterest-1438\" class=\"share-pinterest sd-button share-icon no-text\" href=\"https:\/\/meetafrenchartist.com\/fr\/shop\/cours\/cours-de-peinture-dans-latelier?share=pinterest\" target=\"_blank\" title=\"Cliquez pour partager sur Pinterest\"><span><\/span><span class=\"sharing-screen-reader-text\">Cliquez pour partager sur Pinterest(ouvre dans une nouvelle fen\u00eatre)<\/span><\/a><\/li><li class=\"share-end\"><\/li><\/ul><\/div><\/div><\/div>","protected":false},"excerpt":{"rendered":"<p>Le\u00e7on de peinture autour d\u2019un petit-d\u00e9jeuner dans l\u2019appartement de l\u2019artiste.<br \/>\nAmbiance chaleureuse et intimiste.<\/p>\n<div class=\"sharedaddy sd-sharing-enabled\"><div class=\"robots-nocontent sd-block sd-social sd-social-icon sd-sharing\"><div class=\"sd-content\"><ul><li class=\"share-facebook\"><a rel=\"nofollow noopener noreferrer\" data-shared=\"sharing-facebook-1438\" class=\"share-facebook sd-button share-icon no-text\" href=\"https:\/\/meetafrenchartist.com\/fr\/shop\/cours\/cours-de-peinture-dans-latelier?share=facebook\" target=\"_blank\" title=\"Cliquez pour partager sur Facebook\"><span><\/span><span class=\"sharing-screen-reader-text\">Cliquez pour partager sur Facebook(ouvre dans une nouvelle fen\u00eatre)<\/span><\/a><\/li><li class=\"share-twitter\"><a rel=\"nofollow noopener noreferrer\" data-shared=\"sharing-twitter-1438\" class=\"share-twitter sd-button share-icon no-text\" href=\"https:\/\/meetafrenchartist.com\/fr\/shop\/cours\/cours-de-peinture-dans-latelier?share=twitter\" target=\"_blank\" title=\"Cliquez pour partager sur Twitter\"><span><\/span><span class=\"sharing-screen-reader-text\">Cliquez pour partager sur Twitter(ouvre dans une nouvelle fen\u00eatre)<\/span><\/a><\/li><li class=\"share-tumblr\"><a rel=\"nofollow noopener noreferrer\" data-shared=\"\" class=\"share-tumblr sd-button share-icon no-text\" href=\"https:\/\/meetafrenchartist.com\/fr\/shop\/cours\/cours-de-peinture-dans-latelier?share=tumblr\" target=\"_blank\" title=\"Cliquez pour partager sur Tumblr\"><span><\/span><span class=\"sharing-screen-reader-text\">Cliquez pour partager sur Tumblr(ouvre dans une nouvelle fen\u00eatre)<\/span><\/a><\/li><li class=\"share-pinterest\"><a rel=\"nofollow noopener noreferrer\" data-shared=\"sharing-pinterest-1438\" class=\"share-pinterest sd-button share-icon no-text\" href=\"https:\/\/meetafrenchartist.com\/fr\/shop\/cours\/cours-de-peinture-dans-latelier?share=pinterest\" target=\"_blank\" title=\"Cliquez pour partager sur Pinterest\"><span><\/span><span class=\"sharing-screen-reader-text\">Cliquez pour partager sur Pinterest(ouvre dans une nouvelle fen\u00eatre)<\/span><\/a><\/li><li class=\"share-end\"><\/li><\/ul><\/div><\/div><\/div>","protected":false},"featured_media":1502,"comment_status":"open","ping_status":"closed","template":"","meta":{"spay_email":""},"product_cat":[166],"product_tag":[],"acf":[],"yoast_head":"<!-- This site is optimized with the Yoast SEO plugin v18.6 - https:\/\/yoast.com\/wordpress\/plugins\/seo\/ -->\n<title>Cours de peinture dans l&#039;atelier de l&#039;artiste - Meet a French Artist<\/title>\n<meta name=\"description\" content=\"A painting class in Paris with Edwige, along with a delicious breakfast in her studio. Enjoy a few hours in a cosy and typically Parisian atmosphere.\" \/>\n<meta name=\"robots\" content=\"index, follow, max-snippet:-1, max-image-preview:large, max-video-preview:-1\" \/>\n<link rel=\"canonical\" href=\"https:\/\/meetafrenchartist.com\/fr\/shop\/cours\/cours-de-peinture-dans-latelier\" \/>\n<meta property=\"og:locale\" content=\"fr_FR\" \/>\n<meta property=\"og:type\" content=\"article\" \/>\n<meta property=\"og:title\" content=\"Cours de peinture dans l&#039;atelier de l&#039;artiste - Meet a French Artist\" \/>\n<meta property=\"og:description\" content=\"A painting class in Paris with Edwige, along with a delicious breakfast in her studio. Enjoy a few hours in a cosy and typically Parisian atmosphere.\" \/>\n<meta property=\"og:url\" content=\"https:\/\/meetafrenchartist.com\/fr\/shop\/cours\/cours-de-peinture-dans-latelier\" \/>\n<meta property=\"og:site_name\" content=\"Meet a French Artist\" \/>\n<meta property=\"article:modified_time\" content=\"2023-12-10T15:12:04+00:00\" \/>\n<meta property=\"og:image\" content=\"https:\/\/i0.wp.com\/meetafrenchartist.com\/wp-content\/uploads\/2016\/11\/Painting_class.jpg?fit=960%2C720&#038;ssl=1\" \/>\n\t<meta property=\"og:image:width\" content=\"960\" \/>\n\t<meta property=\"og:image:height\" content=\"720\" \/>\n\t<meta property=\"og:image:type\" content=\"image\/jpeg\" \/>\n<meta name=\"twitter:card\" content=\"summary_large_image\" \/>\n<meta name=\"twitter:label1\" content=\"Dur\u00e9e de lecture estim\u00e9e\" \/>\n\t<meta name=\"twitter:data1\" content=\"1 minute\" \/>\n<script type=\"application\/ld+json\" class=\"yoast-schema-graph\">{\"@context\":\"https:\/\/schema.org\",\"@graph\":[{\"@type\":[\"Person\",\"Organization\"],\"@id\":\"https:\/\/meetafrenchartist.com\/#\/schema\/person\/8328a8986c585017fb846b5e24c1c139\",\"name\":\"Edwige Mitterrand\",\"image\":{\"@type\":\"ImageObject\",\"@id\":\"https:\/\/meetafrenchartist.com\/#personlogo\",\"inLanguage\":\"fr-FR\",\"url\":\"https:\/\/secure.gravatar.com\/avatar\/f968a4eadc158a1f61c5f8f8023a0c88?s=96&d=mm&r=g\",\"contentUrl\":\"https:\/\/secure.gravatar.com\/avatar\/f968a4eadc158a1f61c5f8f8023a0c88?s=96&d=mm&r=g\",\"caption\":\"Edwige Mitterrand\"},\"logo\":{\"@id\":\"https:\/\/meetafrenchartist.com\/#personlogo\"}},{\"@type\":\"WebSite\",\"@id\":\"https:\/\/meetafrenchartist.com\/#website\",\"url\":\"https:\/\/meetafrenchartist.com\/\",\"name\":\"Meet a French Artist\",\"description\":\"Edwige Mitterrand Delahaye\",\"publisher\":{\"@id\":\"https:\/\/meetafrenchartist.com\/#\/schema\/person\/8328a8986c585017fb846b5e24c1c139\"},\"potentialAction\":[{\"@type\":\"SearchAction\",\"target\":{\"@type\":\"EntryPoint\",\"urlTemplate\":\"https:\/\/meetafrenchartist.com\/?s={search_term_string}\"},\"query-input\":\"required name=search_term_string\"}],\"inLanguage\":\"fr-FR\"},{\"@type\":\"ImageObject\",\"@id\":\"https:\/\/meetafrenchartist.com\/fr\/shop\/cours\/cours-de-peinture-dans-latelier#primaryimage\",\"inLanguage\":\"fr-FR\",\"url\":\"https:\/\/i0.wp.com\/meetafrenchartist.com\/wp-content\/uploads\/2016\/11\/Painting_class.jpg?fit=960%2C720&ssl=1\",\"contentUrl\":\"https:\/\/i0.wp.com\/meetafrenchartist.com\/wp-content\/uploads\/2016\/11\/Painting_class.jpg?fit=960%2C720&ssl=1\",\"width\":960,\"height\":720,\"caption\":\"A happy family during a painting lesson\"},{\"@type\":\"WebPage\",\"@id\":\"https:\/\/meetafrenchartist.com\/fr\/shop\/cours\/cours-de-peinture-dans-latelier#webpage\",\"url\":\"https:\/\/meetafrenchartist.com\/fr\/shop\/cours\/cours-de-peinture-dans-latelier\",\"name\":\"Cours de peinture dans l'atelier de l'artiste - Meet a French Artist\",\"isPartOf\":{\"@id\":\"https:\/\/meetafrenchartist.com\/#website\"},\"primaryImageOfPage\":{\"@id\":\"https:\/\/meetafrenchartist.com\/fr\/shop\/cours\/cours-de-peinture-dans-latelier#primaryimage\"},\"datePublished\":\"2016-11-01T14:30:18+00:00\",\"dateModified\":\"2023-12-10T15:12:04+00:00\",\"description\":\"A painting class in Paris with Edwige, along with a delicious breakfast in her studio. Enjoy a few hours in a cosy and typically Parisian atmosphere.\",\"breadcrumb\":{\"@id\":\"https:\/\/meetafrenchartist.com\/fr\/shop\/cours\/cours-de-peinture-dans-latelier#breadcrumb\"},\"inLanguage\":\"fr-FR\",\"potentialAction\":[{\"@type\":\"ReadAction\",\"target\":[\"https:\/\/meetafrenchartist.com\/fr\/shop\/cours\/cours-de-peinture-dans-latelier\"]}]},{\"@type\":\"BreadcrumbList\",\"@id\":\"https:\/\/meetafrenchartist.com\/fr\/shop\/cours\/cours-de-peinture-dans-latelier#breadcrumb\",\"itemListElement\":[{\"@type\":\"ListItem\",\"position\":1,\"name\":\"Accueil\",\"item\":\"https:\/\/meetafrenchartist.com\/fr\"},{\"@type\":\"ListItem\",\"position\":2,\"name\":\"Boutique\",\"item\":\"https:\/\/meetafrenchartist.com\/fr\/boutique\"},{\"@type\":\"ListItem\",\"position\":3,\"name\":\"Cours de peinture dans l&rsquo;atelier de l&rsquo;artiste\"}]}]}<\/script>\n<!-- \/ Yoast SEO plugin. -->","yoast_head_json":{"title":"Cours de peinture dans l'atelier de l'artiste - Meet a French Artist","description":"A painting class in Paris with Edwige, along with a delicious breakfast in her studio. Enjoy a few hours in a cosy and typically Parisian atmosphere.","robots":{"index":"index","follow":"follow","max-snippet":"max-snippet:-1","max-image-preview":"max-image-preview:large","max-video-preview":"max-video-preview:-1"},"canonical":"https:\/\/meetafrenchartist.com\/fr\/shop\/cours\/cours-de-peinture-dans-latelier","og_locale":"fr_FR","og_type":"article","og_title":"Cours de peinture dans l'atelier de l'artiste - Meet a French Artist","og_description":"A painting class in Paris with Edwige, along with a delicious breakfast in her studio. Enjoy a few hours in a cosy and typically Parisian atmosphere.","og_url":"https:\/\/meetafrenchartist.com\/fr\/shop\/cours\/cours-de-peinture-dans-latelier","og_site_name":"Meet a French Artist","article_modified_time":"2023-12-10T15:12:04+00:00","og_image":[{"width":960,"height":720,"url":"https:\/\/i0.wp.com\/meetafrenchartist.com\/wp-content\/uploads\/2016\/11\/Painting_class.jpg?fit=960%2C720&ssl=1","type":"image\/jpeg"}],"twitter_card":"summary_large_image","twitter_misc":{"Dur\u00e9e de lecture estim\u00e9e":"1 minute"},"schema":{"@context":"https:\/\/schema.org","@graph":[{"@type":["Person","Organization"],"@id":"https:\/\/meetafrenchartist.com\/#\/schema\/person\/8328a8986c585017fb846b5e24c1c139","name":"Edwige Mitterrand","image":{"@type":"ImageObject","@id":"https:\/\/meetafrenchartist.com\/#personlogo","inLanguage":"fr-FR","url":"https:\/\/secure.gravatar.com\/avatar\/f968a4eadc158a1f61c5f8f8023a0c88?s=96&d=mm&r=g","contentUrl":"https:\/\/secure.gravatar.com\/avatar\/f968a4eadc158a1f61c5f8f8023a0c88?s=96&d=mm&r=g","caption":"Edwige Mitterrand"},"logo":{"@id":"https:\/\/meetafrenchartist.com\/#personlogo"}},{"@type":"WebSite","@id":"https:\/\/meetafrenchartist.com\/#website","url":"https:\/\/meetafrenchartist.com\/","name":"Meet a French Artist","description":"Edwige Mitterrand Delahaye","publisher":{"@id":"https:\/\/meetafrenchartist.com\/#\/schema\/person\/8328a8986c585017fb846b5e24c1c139"},"potentialAction":[{"@type":"SearchAction","target":{"@type":"EntryPoint","urlTemplate":"https:\/\/meetafrenchartist.com\/?s={search_term_string}"},"query-input":"required name=search_term_string"}],"inLanguage":"fr-FR"},{"@type":"ImageObject","@id":"https:\/\/meetafrenchartist.com\/fr\/shop\/cours\/cours-de-peinture-dans-latelier#primaryimage","inLanguage":"fr-FR","url":"https:\/\/i0.wp.com\/meetafrenchartist.com\/wp-content\/uploads\/2016\/11\/Painting_class.jpg?fit=960%2C720&ssl=1","contentUrl":"https:\/\/i0.wp.com\/meetafrenchartist.com\/wp-content\/uploads\/2016\/11\/Painting_class.jpg?fit=960%2C720&ssl=1","width":960,"height":720,"caption":"A happy family during a painting lesson"},{"@type":"WebPage","@id":"https:\/\/meetafrenchartist.com\/fr\/shop\/cours\/cours-de-peinture-dans-latelier#webpage","url":"https:\/\/meetafrenchartist.com\/fr\/shop\/cours\/cours-de-peinture-dans-latelier","name":"Cours de peinture dans l'atelier de l'artiste - Meet a French Artist","isPartOf":{"@id":"https:\/\/meetafrenchartist.com\/#website"},"primaryImageOfPage":{"@id":"https:\/\/meetafrenchartist.com\/fr\/shop\/cours\/cours-de-peinture-dans-latelier#primaryimage"},"datePublished":"2016-11-01T14:30:18+00:00","dateModified":"2023-12-10T15:12:04+00:00","description":"A painting class in Paris with Edwige, along with a delicious breakfast in her studio. Enjoy a few hours in a cosy and typically Parisian atmosphere.","breadcrumb":{"@id":"https:\/\/meetafrenchartist.com\/fr\/shop\/cours\/cours-de-peinture-dans-latelier#breadcrumb"},"inLanguage":"fr-FR","potentialAction":[{"@type":"ReadAction","target":["https:\/\/meetafrenchartist.com\/fr\/shop\/cours\/cours-de-peinture-dans-latelier"]}]},{"@type":"BreadcrumbList","@id":"https:\/\/meetafrenchartist.com\/fr\/shop\/cours\/cours-de-peinture-dans-latelier#breadcrumb","itemListElement":[{"@type":"ListItem","position":1,"name":"Accueil","item":"https:\/\/meetafrenchartist.com\/fr"},{"@type":"ListItem","position":2,"name":"Boutique","item":"https:\/\/meetafrenchartist.com\/fr\/boutique"},{"@type":"ListItem","position":3,"name":"Cours de peinture dans l&rsquo;atelier de l&rsquo;artiste"}]}]}},"jetpack_sharing_enabled":true,"_links":{"self":[{"href":"https:\/\/meetafrenchartist.com\/fr\/wp-json\/wp\/v2\/product\/1438"}],"collection":[{"href":"https:\/\/meetafrenchartist.com\/fr\/wp-json\/wp\/v2\/product"}],"about":[{"href":"https:\/\/meetafrenchartist.com\/fr\/wp-json\/wp\/v2\/types\/product"}],"replies":[{"embeddable":true,"href":"https:\/\/meetafrenchartist.com\/fr\/wp-json\/wp\/v2\/comments?post=1438"}],"wp:featuredmedia":[{"embeddable":true,"href":"https:\/\/meetafrenchartist.com\/fr\/wp-json\/wp\/v2\/media\/1502"}],"wp:attachment":[{"href":"https:\/\/meetafrenchartist.com\/fr\/wp-json\/wp\/v2\/media?parent=1438"}],"wp:term":[{"taxonomy":"product_cat","embeddable":true,"href":"https:\/\/meetafrenchartist.com\/fr\/wp-json\/wp\/v2\/product_cat?post=1438"},{"taxonomy":"product_tag","embeddable":true,"href":"https:\/\/meetafrenchartist.com\/fr\/wp-json\/wp\/v2\/product_tag?post=1438"}],"curies":[{"name":"wp","href":"https:\/\/api.w.org\/{rel}","templated":true}]}}