{"id":1404,"date":"2016-11-25T15:01:49","date_gmt":"2016-11-25T14:01:49","guid":{"rendered":"https:\/\/meetafrenchartist.com\/conditions-generales-de-vente"},"modified":"2016-11-25T15:01:49","modified_gmt":"2016-11-25T14:01:49","slug":"conditions-generales-de-vente","status":"publish","type":"page","link":"https:\/\/meetafrenchartist.com\/fr\/conditions-generales-de-vente","title":{"rendered":"Conditions g\u00e9n\u00e9rales de vente"},"content":{"rendered":"<p>Informations concernant l&rsquo;artiste Edwige Mitterrand<\/p>\n<p>Adresse:<br \/>\nEdwige Mitterrand Delahaye<br \/>\n26 avenue Dode de la Brunerie<br \/>\n75016 PARIS &#8211; FRANCE<\/p>\n<p>Num\u00e9ro Siret : 392 376 893 000 13<\/p>\n<p>1.Champ d\u2019application<\/p>\n<p>Les conditions g\u00e9n\u00e9rales de vente d\u00e9taill\u00e9es ci-dessous, r\u00e9gissent les relations contractuelles entre tout utilisateur du site www.meetafrenchartist.com et l&rsquo;artiste Edwige Mitterrand.<\/p>\n<p>Chaque achat sur le Site est r\u00e9gi par les conditions g\u00e9n\u00e9rales applicables \u00e0 la date de la commande. En validant votre commande, vous acceptez les Conditions G\u00e9n\u00e9rales apr\u00e8s les avoir lues. En acc\u00e9dant au Site, vous vous engagez \u00e0 respecter les pr\u00e9sentes conditions.<\/p>\n<p>L&rsquo;artiste Edwige Mitterrand se r\u00e9serve le droit d&rsquo;annuler ou de refuser toute commande d&rsquo;un client avec lequel il existerait un litige de toute nature d&rsquo;une commande ant\u00e9rieure.<\/p>\n<p>2.Commandes<br \/>\nVous pouvez passer vos commandes :<\/p>\n<p>* sur Internet : www.meetafrenchartist.com<br \/>\nLe site www.meetafrenchartist.com est \u00e9dit\u00e9 et r\u00e9alis\u00e9 par la SARL Color my Factory \u2013 3 rue de la Chapelle, 75018 Paris \u2013 G\u00e9rante : Ga\u00eblle Delahaye<br \/>\nN\u00b0 Siret : 793 570 433 00011- RCS Paris \u2013 Code APE : 7022Z<br \/>\nH\u00e9bergement : Ovh<\/p>\n<p>3.Disponibilit\u00e9 des articles<br \/>\nSont propos\u00e9s sur le site des tableaux uniques pour lesquels nous avons un stock minimum.<\/p>\n<p>4.Prix<br \/>\nLes prix indiqu\u00e9s en euros ou en dollar sont r\u00e9put\u00e9s nets, incluant les frais de port, sauf mentions affich\u00e9es.<\/p>\n<p>Le prix est payable en totalit\u00e9 et en un seul versement \u00e0 la commande.<\/p>\n<p>Toutes les commandes sont factur\u00e9es et payables en euros ou en dollar uniquement.<\/p>\n<p>Pour toute livraison ext\u00e9rieure \u00e0 la France M\u00e9tropolitaine, les \u00e9ventuels frais de douanes ou taxes locales restent \u00e0 la charge du destinataire.<br \/>\nEn cas de livraison vers un pays autre que la France m\u00e9tropolitaine, vous \u00eates l&rsquo;importateur du ou des biens concern\u00e9s. Pour tous les biens exp\u00e9di\u00e9s hors Union Europ\u00e9enne et DOM-TOM, des droits de douane ou autres taxes locales ou droits d&rsquo;importation ou taxes d&rsquo;Etat sont susceptibles d&rsquo;\u00eatre exigibles.<br \/>\nCes droits et sommes ne rel\u00e8vent pas du ressort de l&rsquo;artiste peintre Edwige Mitterrand. Ils seront \u00e0 la charge de l&rsquo;acqu\u00e9reur et rel\u00e8vent de son enti\u00e8re responsabilit\u00e9 tant en termes de d\u00e9clarations que de paiements aux autorit\u00e9s et organismes comp\u00e9tents de son pays.<\/p>\n<p>5.Paiement<br \/>\nVous disposez de plusieurs moyens de paiement offrant un maximum de garanties de s\u00e9curit\u00e9.<\/p>\n<p>Vous pouvez r\u00e9gler :<br \/>\n1. Par carte bancaire (Carte Bleue, Carte Visa, Eurocard\/Mastercard) par l\u2019interm\u00e9diaire de Paypal<br \/>\nPour les cartes bancaires, vous devrez indiquer, sur les serveurs s\u00e9curis\u00e9s et crypt\u00e9s de Paypal : le num\u00e9ro de votre carte, sa date de validit\u00e9, et le code de 3 chiffres situ\u00e9 au dos de la carte.<br \/>\n2. Par virement bancaire sur le site Paypal via l&rsquo;interm\u00e9diaire d&rsquo;un compte de Paypal<\/p>\n<p>6.Livraison<br \/>\nQue vous commandiez de France ou de l\u2019\u00e9tranger, nous vous livrons \u00e0 domicile.<\/p>\n<p>Le d\u00e9lai de livraison comprend le temps de pr\u00e9paration du colis plus le temps d\u2019acheminement.<\/p>\n<p>Le d\u00e9lai indiqu\u00e9 est le d\u00e9lai d\u2019acheminement postal, auquel il faut ajouter un d\u00e9lai moyen de traitement de commande de 1 \u00e0 3 jours. L&rsquo;artiste peintre Edwige Mitterrand ne pourra voir sa responsabilit\u00e9 engag\u00e9e en cas de retard de livraison ou de rupture de stock.<\/p>\n<p>7.Retour et Assurance qualit\u00e9<br \/>\nConform\u00e9ment \u00e0 la loi, vous pouvez vous b\u00e9n\u00e9ficiez d\u2019un d\u00e9lai de r\u00e9tractation de sept (7) jours pour nous retourner les produits sans condition et sans avoir \u00e0 justifier de motif.<br \/>\nSelon les dispositions de l\u00b4article 121-16 du code de la Consommation, l&rsquo;acqu\u00e9reur dispose d\u00b4un d\u00e9lai de 14 jours francs \u00e0 compter de la r\u00e9ception de la commande pour retourner le(s) bien(s) \u00e0 ses frais et en demander l&rsquo;\u00e9change ou le remboursement.<\/p>\n<p>Qualit\u00e9 produits : Les articles fournis par l&rsquo;artiste peintre Edwige Mitterrand sont neufs et garantis contre tout d\u00e9faut.<\/p>\n<p>S\u2019il arrivait qu\u2019un article soit d\u00e9fectueux ou non conforme, nous nous engageons \u00e0 vous le rembourser, sous r\u00e9serve qu\u2019il nous soit retourn\u00e9 dans son emballage d\u2019origine, dans les quinze (15) jours suivant la r\u00e9ception du colis \u00e0 :<\/p>\n<p>Edwige Mitterrand Delahaye<br \/>\n26 avenue Dode de la Brunerie<br \/>\n75016 PARIS &#8211; FRANCE<\/p>\n<p>8. Transfert de propri\u00e9t\u00e9 \u2013 Transfert de risques<br \/>\nLe transfert de propri\u00e9t\u00e9 des produits au profit de l\u2019acqu\u00e9reur, ne sera r\u00e9alis\u00e9 qu\u2019apr\u00e8s complet paiement du prix par ce dernier, et ce quelle que soit la date de livraison desdits produits.<br \/>\nEn revanche, le transfert des risques de perte et de d\u00e9t\u00e9rioration des produits sera r\u00e9alis\u00e9 d\u00e8s livraison et r\u00e9ception desdits produits par l\u2019Acqu\u00e9reur.<\/p>\n<p>9.Droit d\u2019acc\u00e8s et de rectification<\/p>\n<p>9.1. D\u00e9ontologie<br \/>\nSoucieuse de la protection de votre vie priv\u00e9e, l&rsquo;artiste peintre Edwige Mitterrand traite toutes les informations vous concernant avec la plus stricte confidentialit\u00e9.<br \/>\nLors de vos achats, nous ne vous demandons que les informations indispensables (nom, pr\u00e9nom, adresse, e-mail) pour un traitement de qualit\u00e9 et un suivi attentif de votre commande.<br \/>\nCes donn\u00e9es saisies en ligne sont enregistr\u00e9es sur un serveur SQL s\u00e9curis\u00e9.<\/p>\n<p>9.2. Vos droits.<br \/>\nConform\u00e9ment \u00e0 la loi Informatique et Libert\u00e9s du 6 janvier 1978, vous disposez d\u2019un droit d\u2019acc\u00e8s et de rectification des donn\u00e9es vous concernant. Par notre interm\u00e9diaire vous pouvez \u00eatre amen\u00e9s \u00e0 recevoir des propositions d\u2019autres entreprises ou organismes, ou \u00eatre inform\u00e9s \u00e9galement de nos offres par mail, par t\u00e9l\u00e9phone ou par courrier. Si vous ne le souhaitez pas, il suffit de nous contacter (en nous indiquant vos nom, pr\u00e9nom, adresse et mail) par mail \u00e0 contact@meetafrenchartist.com<br \/>\nConcernant les cookies<br \/>\nLes cookies enregistrent certaines informations qui sont stock\u00e9es dans la m\u00e9moire de votre disque dur.<br \/>\nEn aucun cas, les cookies ne contiennent des informations confidentielles comme votre nom, num\u00e9ro de carte, mais vous permettent de garder en m\u00e9moire les articles que vous aviez s\u00e9lectionn\u00e9s lors de vos pr\u00e9c\u00e9dentes visites, les pages sur lesquelles vous aviez navigu\u00e9.<br \/>\n10.Responsabilit\u00e9<br \/>\nLes produits propos\u00e9s r\u00e9pondent \u00e0 la l\u00e9gislation fran\u00e7aise en vigueur. L&rsquo;artiste peintre Edwige Mitterrand d\u00e9cline toute responsabilit\u00e9 si l\u2019article livr\u00e9 ne respecte pas la l\u00e9gislation du pays de livraison (censure, interdiction d\u2019un titre ou d\u2019un auteur \u2026).<br \/>\nl&rsquo;artiste peintre Edwige Mitterrand se d\u00e9gage de toute responsabilit\u00e9 en cas d\u2019inex\u00e9cution du contrat due \u00e0 un cas de force majeure (gr\u00e8ve, inondation, incendie \u2026). l&rsquo;artiste peintre Edwige Mitterrand se d\u00e9gagent de toute responsabilit\u00e9 quant au contenu des sites sur lesquels des liens hypertextes peuvent renvoyer \u00e0 partir de son propre site.<\/p>\n<p>10.Droit applicable<br \/>\nToutes les clauses figurant dans les pr\u00e9sentes conditions g\u00e9n\u00e9rales de vente, ainsi que toutes les op\u00e9rations d\u2019achat et de vente qui y sont vis\u00e9es, seront soumises au droit fran\u00e7ais, le tribunal comp\u00e9tent sera celui de Paris, tribunal du si\u00e8ge social de l&rsquo;artiste Edwige Mitterrand est form\u00e9 le contrat entre les parties.<\/p>\n<p>11. Acceptation de l\u2019acheteur<br \/>\nLes pr\u00e9sentes conditions g\u00e9n\u00e9rales de vente ainsi que les tarifs sont express\u00e9ment agr\u00e9\u00e9s et accept\u00e9s par l\u2019Acheteur, qui d\u00e9clare et reconna\u00eet en avoir une parfaite connaissance, et renonce, de ce fait, \u00e0 se pr\u00e9valoir de tout document contradictoire et, notamment, ses propres conditions g\u00e9n\u00e9rales d\u2019achat, l\u2019acte d\u2019achat entra\u00eenant acceptation des pr\u00e9sentes conditions g\u00e9n\u00e9rales de vente.<\/p>\n<p>12. Propri\u00e9t\u00e9 intellectuelle<br \/>\nToutes les photographies pr\u00e9sentes sur ce site sont la propri\u00e9t\u00e9 de leurs auteurs, elles constituent des \u0153uvres au sens des dispositions de l&rsquo;article L112-1 du Code de la Propri\u00e9t\u00e9 Intellectuelle.<br \/>\nEn cons\u00e9quence, toute reproduction de celles-ci, totale ou partielle, sans notre accord expr\u00e8s, pr\u00e9alable et \u00e9crit, est interdite.<br \/>\nLes droits de l&rsquo;acqu\u00e9reur sur l&rsquo;\u0153uvre sont limit\u00e9s \u00e0 un droit d&rsquo;usage priv\u00e9, excluant tout droit de repr\u00e9sentation et de reproduction.<\/p>\n","protected":false},"excerpt":{"rendered":"<p>Informations concernant l&rsquo;artiste Edwige Mitterrand Adresse: Edwige Mitterrand Delahaye 26 avenue Dode de la Brunerie 75016 PARIS &#8211; FRANCE Num\u00e9ro Siret : 392 376 893 000 13 1.Champ d\u2019application Les conditions g\u00e9n\u00e9rales de vente d\u00e9taill\u00e9es ci-dessous, r\u00e9gissent les relations contractuelles entre tout utilisateur du site www.meetafrenchartist.com et l&rsquo;artiste Edwige Mitterrand. Chaque achat sur le Site [&hellip;]<\/p>\n","protected":false},"author":2,"featured_media":0,"parent":0,"menu_order":15,"comment_status":"closed","ping_status":"closed","template":"","meta":{"spay_email":""},"acf":[],"yoast_head":"<!-- This site is optimized with the Yoast SEO plugin v18.6 - https:\/\/yoast.com\/wordpress\/plugins\/seo\/ -->\n<title>Conditions g\u00e9n\u00e9rales de vente - Meet a French Artist<\/title>\n<meta name=\"robots\" content=\"index, follow, max-snippet:-1, max-image-preview:large, max-video-preview:-1\" \/>\n<link rel=\"canonical\" href=\"https:\/\/meetafrenchartist.com\/fr\/conditions-generales-de-vente\" \/>\n<meta property=\"og:locale\" content=\"fr_FR\" \/>\n<meta property=\"og:type\" content=\"article\" \/>\n<meta property=\"og:title\" content=\"Conditions g\u00e9n\u00e9rales de vente - Meet a French Artist\" \/>\n<meta property=\"og:description\" content=\"Informations concernant l&rsquo;artiste Edwige Mitterrand Adresse: Edwige Mitterrand Delahaye 26 avenue Dode de la Brunerie 75016 PARIS &#8211; FRANCE Num\u00e9ro Siret : 392 376 893 000 13 1.Champ d\u2019application Les conditions g\u00e9n\u00e9rales de vente d\u00e9taill\u00e9es ci-dessous, r\u00e9gissent les relations contractuelles entre tout utilisateur du site www.meetafrenchartist.com et l&rsquo;artiste Edwige Mitterrand. Chaque achat sur le Site [&hellip;]\" \/>\n<meta property=\"og:url\" content=\"https:\/\/meetafrenchartist.com\/fr\/conditions-generales-de-vente\" \/>\n<meta property=\"og:site_name\" content=\"Meet a French Artist\" \/>\n<meta name=\"twitter:card\" content=\"summary_large_image\" \/>\n<meta name=\"twitter:label1\" content=\"Dur\u00e9e de lecture estim\u00e9e\" \/>\n\t<meta name=\"twitter:data1\" content=\"7 minutes\" \/>\n<script type=\"application\/ld+json\" class=\"yoast-schema-graph\">{\"@context\":\"https:\/\/schema.org\",\"@graph\":[{\"@type\":[\"Person\",\"Organization\"],\"@id\":\"https:\/\/meetafrenchartist.com\/#\/schema\/person\/8328a8986c585017fb846b5e24c1c139\",\"name\":\"Edwige Mitterrand\",\"image\":{\"@type\":\"ImageObject\",\"@id\":\"https:\/\/meetafrenchartist.com\/#personlogo\",\"inLanguage\":\"fr-FR\",\"url\":\"https:\/\/secure.gravatar.com\/avatar\/f968a4eadc158a1f61c5f8f8023a0c88?s=96&d=mm&r=g\",\"contentUrl\":\"https:\/\/secure.gravatar.com\/avatar\/f968a4eadc158a1f61c5f8f8023a0c88?s=96&d=mm&r=g\",\"caption\":\"Edwige Mitterrand\"},\"logo\":{\"@id\":\"https:\/\/meetafrenchartist.com\/#personlogo\"}},{\"@type\":\"WebSite\",\"@id\":\"https:\/\/meetafrenchartist.com\/#website\",\"url\":\"https:\/\/meetafrenchartist.com\/\",\"name\":\"Meet a French Artist\",\"description\":\"Edwige Mitterrand Delahaye\",\"publisher\":{\"@id\":\"https:\/\/meetafrenchartist.com\/#\/schema\/person\/8328a8986c585017fb846b5e24c1c139\"},\"potentialAction\":[{\"@type\":\"SearchAction\",\"target\":{\"@type\":\"EntryPoint\",\"urlTemplate\":\"https:\/\/meetafrenchartist.com\/?s={search_term_string}\"},\"query-input\":\"required name=search_term_string\"}],\"inLanguage\":\"fr-FR\"},{\"@type\":\"WebPage\",\"@id\":\"https:\/\/meetafrenchartist.com\/fr\/conditions-generales-de-vente#webpage\",\"url\":\"https:\/\/meetafrenchartist.com\/fr\/conditions-generales-de-vente\",\"name\":\"Conditions g\u00e9n\u00e9rales de vente - Meet a French Artist\",\"isPartOf\":{\"@id\":\"https:\/\/meetafrenchartist.com\/#website\"},\"datePublished\":\"2016-11-25T14:01:49+00:00\",\"dateModified\":\"2016-11-25T14:01:49+00:00\",\"breadcrumb\":{\"@id\":\"https:\/\/meetafrenchartist.com\/fr\/conditions-generales-de-vente#breadcrumb\"},\"inLanguage\":\"fr-FR\",\"potentialAction\":[{\"@type\":\"ReadAction\",\"target\":[\"https:\/\/meetafrenchartist.com\/fr\/conditions-generales-de-vente\"]}]},{\"@type\":\"BreadcrumbList\",\"@id\":\"https:\/\/meetafrenchartist.com\/fr\/conditions-generales-de-vente#breadcrumb\",\"itemListElement\":[{\"@type\":\"ListItem\",\"position\":1,\"name\":\"Accueil\",\"item\":\"https:\/\/meetafrenchartist.com\/fr\"},{\"@type\":\"ListItem\",\"position\":2,\"name\":\"Conditions g\u00e9n\u00e9rales de vente\"}]}]}<\/script>\n<!-- \/ Yoast SEO plugin. -->","yoast_head_json":{"title":"Conditions g\u00e9n\u00e9rales de vente - Meet a French Artist","robots":{"index":"index","follow":"follow","max-snippet":"max-snippet:-1","max-image-preview":"max-image-preview:large","max-video-preview":"max-video-preview:-1"},"canonical":"https:\/\/meetafrenchartist.com\/fr\/conditions-generales-de-vente","og_locale":"fr_FR","og_type":"article","og_title":"Conditions g\u00e9n\u00e9rales de vente - Meet a French Artist","og_description":"Informations concernant l&rsquo;artiste Edwige Mitterrand Adresse: Edwige Mitterrand Delahaye 26 avenue Dode de la Brunerie 75016 PARIS &#8211; FRANCE Num\u00e9ro Siret : 392 376 893 000 13 1.Champ d\u2019application Les conditions g\u00e9n\u00e9rales de vente d\u00e9taill\u00e9es ci-dessous, r\u00e9gissent les relations contractuelles entre tout utilisateur du site www.meetafrenchartist.com et l&rsquo;artiste Edwige Mitterrand. Chaque achat sur le Site [&hellip;]","og_url":"https:\/\/meetafrenchartist.com\/fr\/conditions-generales-de-vente","og_site_name":"Meet a French Artist","twitter_card":"summary_large_image","twitter_misc":{"Dur\u00e9e de lecture estim\u00e9e":"7 minutes"},"schema":{"@context":"https:\/\/schema.org","@graph":[{"@type":["Person","Organization"],"@id":"https:\/\/meetafrenchartist.com\/#\/schema\/person\/8328a8986c585017fb846b5e24c1c139","name":"Edwige Mitterrand","image":{"@type":"ImageObject","@id":"https:\/\/meetafrenchartist.com\/#personlogo","inLanguage":"fr-FR","url":"https:\/\/secure.gravatar.com\/avatar\/f968a4eadc158a1f61c5f8f8023a0c88?s=96&d=mm&r=g","contentUrl":"https:\/\/secure.gravatar.com\/avatar\/f968a4eadc158a1f61c5f8f8023a0c88?s=96&d=mm&r=g","caption":"Edwige Mitterrand"},"logo":{"@id":"https:\/\/meetafrenchartist.com\/#personlogo"}},{"@type":"WebSite","@id":"https:\/\/meetafrenchartist.com\/#website","url":"https:\/\/meetafrenchartist.com\/","name":"Meet a French Artist","description":"Edwige Mitterrand Delahaye","publisher":{"@id":"https:\/\/meetafrenchartist.com\/#\/schema\/person\/8328a8986c585017fb846b5e24c1c139"},"potentialAction":[{"@type":"SearchAction","target":{"@type":"EntryPoint","urlTemplate":"https:\/\/meetafrenchartist.com\/?s={search_term_string}"},"query-input":"required name=search_term_string"}],"inLanguage":"fr-FR"},{"@type":"WebPage","@id":"https:\/\/meetafrenchartist.com\/fr\/conditions-generales-de-vente#webpage","url":"https:\/\/meetafrenchartist.com\/fr\/conditions-generales-de-vente","name":"Conditions g\u00e9n\u00e9rales de vente - Meet a French Artist","isPartOf":{"@id":"https:\/\/meetafrenchartist.com\/#website"},"datePublished":"2016-11-25T14:01:49+00:00","dateModified":"2016-11-25T14:01:49+00:00","breadcrumb":{"@id":"https:\/\/meetafrenchartist.com\/fr\/conditions-generales-de-vente#breadcrumb"},"inLanguage":"fr-FR","potentialAction":[{"@type":"ReadAction","target":["https:\/\/meetafrenchartist.com\/fr\/conditions-generales-de-vente"]}]},{"@type":"BreadcrumbList","@id":"https:\/\/meetafrenchartist.com\/fr\/conditions-generales-de-vente#breadcrumb","itemListElement":[{"@type":"ListItem","position":1,"name":"Accueil","item":"https:\/\/meetafrenchartist.com\/fr"},{"@type":"ListItem","position":2,"name":"Conditions g\u00e9n\u00e9rales de vente"}]}]}},"jetpack_sharing_enabled":true,"_links":{"self":[{"href":"https:\/\/meetafrenchartist.com\/fr\/wp-json\/wp\/v2\/pages\/1404"}],"collection":[{"href":"https:\/\/meetafrenchartist.com\/fr\/wp-json\/wp\/v2\/pages"}],"about":[{"href":"https:\/\/meetafrenchartist.com\/fr\/wp-json\/wp\/v2\/types\/page"}],"author":[{"embeddable":true,"href":"https:\/\/meetafrenchartist.com\/fr\/wp-json\/wp\/v2\/users\/2"}],"replies":[{"embeddable":true,"href":"https:\/\/meetafrenchartist.com\/fr\/wp-json\/wp\/v2\/comments?post=1404"}],"version-history":[{"count":0,"href":"https:\/\/meetafrenchartist.com\/fr\/wp-json\/wp\/v2\/pages\/1404\/revisions"}],"wp:attachment":[{"href":"https:\/\/meetafrenchartist.com\/fr\/wp-json\/wp\/v2\/media?parent=1404"}],"curies":[{"name":"wp","href":"https:\/\/api.w.org\/{rel}","templated":true}]}}