{"id":1398,"date":"2016-11-03T14:30:45","date_gmt":"2016-11-03T13:30:45","guid":{"rendered":"https:\/\/meetafrenchartist.com\/mentions-legales"},"modified":"2019-12-02T21:48:34","modified_gmt":"2019-12-02T20:48:34","slug":"mentions-legales","status":"publish","type":"page","link":"https:\/\/meetafrenchartist.com\/fr\/mentions-legales","title":{"rendered":"Mentions l\u00e9gales"},"content":{"rendered":"\n<h5>PROPRI\u00c9T\u00c9 ET EDITION<\/h5>\n\n\n\n<p>Ce site est \u00e9dit\u00e9 par Meet a french artist 26 avenue Dode de la Brunerie, 75016 Paris- France \u2013 Pr\u00e9sident&nbsp;: Edwige Mitterrand Delahaye<br>Num\u00e9ro Siret : 392 376 893 000 13.<\/p>\n\n\n\n<p>Droit de reproduction des donn\u00e9es du site web meetafrenchartist.cm exclusivement destin\u00e9 \u00e0 l\u2019usage priv\u00e9 des utilisateurs du r\u00e9seau Internet et droit de repr\u00e9sentation aux seules fins de consultation personnelle et priv\u00e9e. Toute autre utilisation est strictement interdite et susceptible de poursuites, conform\u00e9ment aux dispositions du Code de la propri\u00e9t\u00e9 Intellectuelle fran\u00e7aise, aux r\u00e8glements nationaux et conventions internationales en vigueur.<br>Protection des donn\u00e9es personnelles Conform\u00e9ment \u00e0 la loi \u00ab Informatique et Libert\u00e9 \u00bb n\u00b0 78-17 du 6 janvier 1978 relative \u00e0 l\u2019informatique, aux fichiers et aux libert\u00e9s : nous nous engageons \u00e0 informer les personnes qui fournissent des donn\u00e9es nominatives sur notre site de leurs droits, notamment de leurs droits d\u2019acc\u00e8s et de rectification sur ces donn\u00e9es nominatives. Nous nous engageons \u00e0 prendre toutes pr\u00e9cautions afin de pr\u00e9server la s\u00e9curit\u00e9 de ces informations et notamment emp\u00eacher qu\u2019elles ne soient d\u00e9form\u00e9es, endommag\u00e9es ou communiqu\u00e9es \u00e0 des tiers.<\/p>\n\n\n\n<h5>CONCEPTION ET R\u00c9ALISATION<\/h5>\n\n\n\n<p>Ce site est r\u00e9alis\u00e9 par la SARL&nbsp;Color my Factory \u2013 65 boulevard de Clichy 75009&nbsp;Paris<br>N\u00b0 Siret : 793 570 433 00011- RCS Paris \u2013 Code APE : 7022Z<br><a href=\"http:\/\/www.colormyfactory.com\/\">www.colormyfactory.com<\/a><br>Graphisme&nbsp;: Ga\u00eblle Delahaye<\/p>\n\n\n\n<h5>H\u00c9BERGEMENT<\/h5>\n\n\n\n<p>Ovh<\/p>\n","protected":false},"excerpt":{"rendered":"<p>PROPRI\u00c9T\u00c9 ET EDITION Ce site est \u00e9dit\u00e9 par Meet a french artist 26 avenue Dode de la Brunerie, 75016 Paris- France \u2013 Pr\u00e9sident&nbsp;: Edwige Mitterrand DelahayeNum\u00e9ro Siret : 392 376 893 000 13. Droit de reproduction des donn\u00e9es du site web meetafrenchartist.cm exclusivement destin\u00e9 \u00e0 l\u2019usage priv\u00e9 des utilisateurs du r\u00e9seau Internet et droit de [&hellip;]<\/p>\n","protected":false},"author":1,"featured_media":0,"parent":0,"menu_order":7,"comment_status":"closed","ping_status":"closed","template":"","meta":{"spay_email":""},"acf":[],"yoast_head":"<!-- This site is optimized with the Yoast SEO plugin v18.6 - https:\/\/yoast.com\/wordpress\/plugins\/seo\/ -->\n<title>Mentions l\u00e9gales - Meet a French Artist<\/title>\n<meta name=\"robots\" content=\"index, follow, max-snippet:-1, max-image-preview:large, max-video-preview:-1\" \/>\n<link rel=\"canonical\" href=\"https:\/\/meetafrenchartist.com\/fr\/mentions-legales\" \/>\n<meta property=\"og:locale\" content=\"fr_FR\" \/>\n<meta property=\"og:type\" content=\"article\" \/>\n<meta property=\"og:title\" content=\"Mentions l\u00e9gales - Meet a French Artist\" \/>\n<meta property=\"og:description\" content=\"PROPRI\u00c9T\u00c9 ET EDITION Ce site est \u00e9dit\u00e9 par Meet a french artist 26 avenue Dode de la Brunerie, 75016 Paris- France \u2013 Pr\u00e9sident&nbsp;: Edwige Mitterrand DelahayeNum\u00e9ro Siret : 392 376 893 000 13. Droit de reproduction des donn\u00e9es du site web meetafrenchartist.cm exclusivement destin\u00e9 \u00e0 l\u2019usage priv\u00e9 des utilisateurs du r\u00e9seau Internet et droit de [&hellip;]\" \/>\n<meta property=\"og:url\" content=\"https:\/\/meetafrenchartist.com\/fr\/mentions-legales\" \/>\n<meta property=\"og:site_name\" content=\"Meet a French Artist\" \/>\n<meta property=\"article:modified_time\" content=\"2019-12-02T20:48:34+00:00\" \/>\n<meta name=\"twitter:card\" content=\"summary_large_image\" \/>\n<meta name=\"twitter:label1\" content=\"Dur\u00e9e de lecture estim\u00e9e\" \/>\n\t<meta name=\"twitter:data1\" content=\"1 minute\" \/>\n<script type=\"application\/ld+json\" class=\"yoast-schema-graph\">{\"@context\":\"https:\/\/schema.org\",\"@graph\":[{\"@type\":[\"Person\",\"Organization\"],\"@id\":\"https:\/\/meetafrenchartist.com\/#\/schema\/person\/8328a8986c585017fb846b5e24c1c139\",\"name\":\"Edwige Mitterrand\",\"image\":{\"@type\":\"ImageObject\",\"@id\":\"https:\/\/meetafrenchartist.com\/#personlogo\",\"inLanguage\":\"fr-FR\",\"url\":\"https:\/\/secure.gravatar.com\/avatar\/f968a4eadc158a1f61c5f8f8023a0c88?s=96&d=mm&r=g\",\"contentUrl\":\"https:\/\/secure.gravatar.com\/avatar\/f968a4eadc158a1f61c5f8f8023a0c88?s=96&d=mm&r=g\",\"caption\":\"Edwige Mitterrand\"},\"logo\":{\"@id\":\"https:\/\/meetafrenchartist.com\/#personlogo\"}},{\"@type\":\"WebSite\",\"@id\":\"https:\/\/meetafrenchartist.com\/#website\",\"url\":\"https:\/\/meetafrenchartist.com\/\",\"name\":\"Meet a French Artist\",\"description\":\"Edwige Mitterrand Delahaye\",\"publisher\":{\"@id\":\"https:\/\/meetafrenchartist.com\/#\/schema\/person\/8328a8986c585017fb846b5e24c1c139\"},\"potentialAction\":[{\"@type\":\"SearchAction\",\"target\":{\"@type\":\"EntryPoint\",\"urlTemplate\":\"https:\/\/meetafrenchartist.com\/?s={search_term_string}\"},\"query-input\":\"required name=search_term_string\"}],\"inLanguage\":\"fr-FR\"},{\"@type\":\"WebPage\",\"@id\":\"https:\/\/meetafrenchartist.com\/fr\/mentions-legales#webpage\",\"url\":\"https:\/\/meetafrenchartist.com\/fr\/mentions-legales\",\"name\":\"Mentions l\u00e9gales - Meet a French Artist\",\"isPartOf\":{\"@id\":\"https:\/\/meetafrenchartist.com\/#website\"},\"datePublished\":\"2016-11-03T13:30:45+00:00\",\"dateModified\":\"2019-12-02T20:48:34+00:00\",\"breadcrumb\":{\"@id\":\"https:\/\/meetafrenchartist.com\/fr\/mentions-legales#breadcrumb\"},\"inLanguage\":\"fr-FR\",\"potentialAction\":[{\"@type\":\"ReadAction\",\"target\":[\"https:\/\/meetafrenchartist.com\/fr\/mentions-legales\"]}]},{\"@type\":\"BreadcrumbList\",\"@id\":\"https:\/\/meetafrenchartist.com\/fr\/mentions-legales#breadcrumb\",\"itemListElement\":[{\"@type\":\"ListItem\",\"position\":1,\"name\":\"Accueil\",\"item\":\"https:\/\/meetafrenchartist.com\/fr\"},{\"@type\":\"ListItem\",\"position\":2,\"name\":\"Mentions l\u00e9gales\"}]}]}<\/script>\n<!-- \/ Yoast SEO plugin. -->","yoast_head_json":{"title":"Mentions l\u00e9gales - Meet a French Artist","robots":{"index":"index","follow":"follow","max-snippet":"max-snippet:-1","max-image-preview":"max-image-preview:large","max-video-preview":"max-video-preview:-1"},"canonical":"https:\/\/meetafrenchartist.com\/fr\/mentions-legales","og_locale":"fr_FR","og_type":"article","og_title":"Mentions l\u00e9gales - Meet a French Artist","og_description":"PROPRI\u00c9T\u00c9 ET EDITION Ce site est \u00e9dit\u00e9 par Meet a french artist 26 avenue Dode de la Brunerie, 75016 Paris- France \u2013 Pr\u00e9sident&nbsp;: Edwige Mitterrand DelahayeNum\u00e9ro Siret : 392 376 893 000 13. Droit de reproduction des donn\u00e9es du site web meetafrenchartist.cm exclusivement destin\u00e9 \u00e0 l\u2019usage priv\u00e9 des utilisateurs du r\u00e9seau Internet et droit de [&hellip;]","og_url":"https:\/\/meetafrenchartist.com\/fr\/mentions-legales","og_site_name":"Meet a French Artist","article_modified_time":"2019-12-02T20:48:34+00:00","twitter_card":"summary_large_image","twitter_misc":{"Dur\u00e9e de lecture estim\u00e9e":"1 minute"},"schema":{"@context":"https:\/\/schema.org","@graph":[{"@type":["Person","Organization"],"@id":"https:\/\/meetafrenchartist.com\/#\/schema\/person\/8328a8986c585017fb846b5e24c1c139","name":"Edwige Mitterrand","image":{"@type":"ImageObject","@id":"https:\/\/meetafrenchartist.com\/#personlogo","inLanguage":"fr-FR","url":"https:\/\/secure.gravatar.com\/avatar\/f968a4eadc158a1f61c5f8f8023a0c88?s=96&d=mm&r=g","contentUrl":"https:\/\/secure.gravatar.com\/avatar\/f968a4eadc158a1f61c5f8f8023a0c88?s=96&d=mm&r=g","caption":"Edwige Mitterrand"},"logo":{"@id":"https:\/\/meetafrenchartist.com\/#personlogo"}},{"@type":"WebSite","@id":"https:\/\/meetafrenchartist.com\/#website","url":"https:\/\/meetafrenchartist.com\/","name":"Meet a French Artist","description":"Edwige Mitterrand Delahaye","publisher":{"@id":"https:\/\/meetafrenchartist.com\/#\/schema\/person\/8328a8986c585017fb846b5e24c1c139"},"potentialAction":[{"@type":"SearchAction","target":{"@type":"EntryPoint","urlTemplate":"https:\/\/meetafrenchartist.com\/?s={search_term_string}"},"query-input":"required name=search_term_string"}],"inLanguage":"fr-FR"},{"@type":"WebPage","@id":"https:\/\/meetafrenchartist.com\/fr\/mentions-legales#webpage","url":"https:\/\/meetafrenchartist.com\/fr\/mentions-legales","name":"Mentions l\u00e9gales - Meet a French Artist","isPartOf":{"@id":"https:\/\/meetafrenchartist.com\/#website"},"datePublished":"2016-11-03T13:30:45+00:00","dateModified":"2019-12-02T20:48:34+00:00","breadcrumb":{"@id":"https:\/\/meetafrenchartist.com\/fr\/mentions-legales#breadcrumb"},"inLanguage":"fr-FR","potentialAction":[{"@type":"ReadAction","target":["https:\/\/meetafrenchartist.com\/fr\/mentions-legales"]}]},{"@type":"BreadcrumbList","@id":"https:\/\/meetafrenchartist.com\/fr\/mentions-legales#breadcrumb","itemListElement":[{"@type":"ListItem","position":1,"name":"Accueil","item":"https:\/\/meetafrenchartist.com\/fr"},{"@type":"ListItem","position":2,"name":"Mentions l\u00e9gales"}]}]}},"jetpack_sharing_enabled":true,"_links":{"self":[{"href":"https:\/\/meetafrenchartist.com\/fr\/wp-json\/wp\/v2\/pages\/1398"}],"collection":[{"href":"https:\/\/meetafrenchartist.com\/fr\/wp-json\/wp\/v2\/pages"}],"about":[{"href":"https:\/\/meetafrenchartist.com\/fr\/wp-json\/wp\/v2\/types\/page"}],"author":[{"embeddable":true,"href":"https:\/\/meetafrenchartist.com\/fr\/wp-json\/wp\/v2\/users\/1"}],"replies":[{"embeddable":true,"href":"https:\/\/meetafrenchartist.com\/fr\/wp-json\/wp\/v2\/comments?post=1398"}],"version-history":[{"count":0,"href":"https:\/\/meetafrenchartist.com\/fr\/wp-json\/wp\/v2\/pages\/1398\/revisions"}],"wp:attachment":[{"href":"https:\/\/meetafrenchartist.com\/fr\/wp-json\/wp\/v2\/media?parent=1398"}],"curies":[{"name":"wp","href":"https:\/\/api.w.org\/{rel}","templated":true}]}}