{"id":1394,"date":"2016-11-01T15:55:20","date_gmt":"2016-11-01T14:55:20","guid":{"rendered":"https:\/\/meetafrenchartist.com\/qui-suis-je"},"modified":"2024-04-30T11:58:08","modified_gmt":"2024-04-30T09:58:08","slug":"qui-suis-je","status":"publish","type":"page","link":"https:\/\/meetafrenchartist.com\/fr\/qui-suis-je","title":{"rendered":"Qui suis-je ?"},"content":{"rendered":"<p>Voil\u00e0 plus de 25 ans que je laisse exprimer ma passion pour l\u2019art \u00e0 travers la peinture et le dessin. Qui suis-je ? Je suis une artiste peintre mes \u0153uvres sont issues du courant impressionniste. Je suis \u00e9galement une m\u00e8re de trois grands enfants et une grand-m\u00e8re (de 4 beaux petits-enfants plein d\u2019\u00e9nergie), je partage ma vie entre mes deux passions : ma famille et la peinture.<\/p>\n<p>J\u2019ai depuis toujours \u00e9volu\u00e9 dans le monde artistique gr\u00e2ce \u00e0 mes parents qui ont un go\u00fbt tr\u00e8s s\u00fbr pour les objets d\u00e9coratifs classiques et modernes.\u00a0 Mais aussi gr\u00e2ce \u00e0 mon oncle, <a href=\"https:\/\/fr.wikipedia.org\/wiki\/Fran%C3%A7ois_Mitterrand\" target=\"_blank\" rel=\"noopener noreferrer\">Fran\u00e7ois Mitterrand<\/a>, ancien pr\u00e9sident de la R\u00e9publique Fran\u00e7aise et m\u00e9c\u00e8ne de nombreux artistes modernes. Il a toujours montrer beaucoup de respect pour mon travail et a plusieurs reprise m&rsquo;a commander des tableaux.<\/p>\n<p>Apr\u00e8s une \u00e9cole d\u2019art, j\u2019ai choisi de me lancer dans le stylisme et la d\u00e9coration murale. Puis au fil des ann\u00e9es je me suis tourn\u00e9e vers la peinture sur toile.<\/p>\n<p>Je puise mon inspiration dans les grands peintres impressionnistes fran\u00e7ais et \u00e9trangers du XIX\u00e8me tels que Claude Monet, Alfred Sisley, Auguste Renoir ou encore Edgar Degas&#8230;<br \/>\nJ\u2019aime tout particuli\u00e8rement faire revivre sur mes toiles les sujets qui me sont chers. Comme les plages bretonnes sur lesquelles mes enfants jouaient petits. Ou encore la campagne normande verdoyante qui entoure notre maison familiale, les parcs \u00e0 hu\u00eetres charentais, r\u00e9gion natale de mon p\u00e8re. Et, bien s\u00fbr, Paris, ville ch\u00e8re \u00e0 mon c\u0153ur.<\/p>\n<p>Depuis 15 ans d\u00e9j\u00e0 je donne des cours de dessin aux enfants et aux adultes. Mais d\u00e9sormais j\u2019aspire \u00e0 proposer des cours dans un univers plus intime.<\/p>\n<p>Je vous invite donc \u00e0 <a href=\"https:\/\/meetafrenchartist.com\/fr\/boutique-categorie\/oeuvres\" target=\"_blank\" rel=\"noopener noreferrer\">d\u00e9couvrir mes toiles<\/a> et \u00e0 vous initier ou perfectionner \u00e0 la peinture lors d&rsquo;un moment de convivialit\u00e9 dans <a href=\"https:\/\/meetafrenchartist.com\/fr\/boutique\/cours-dans-latelier-dedwige\">mon atelier dans le 16\u00e8me arrondissement<\/a>, <a href=\"https:\/\/meetafrenchartist.com\/fr\/shop\/cours\/cours-de-peinture-exterieur-paris\" target=\"_blank\" rel=\"noopener\">dans les rues de Paris<\/a>, ou encore en Normandie.<\/p>\n<p>\u00c0 bient\u00f4t<\/p>\n<h3 style=\"text-align: right;\">Edwige Mitterrand Delahaye<\/h3>\n","protected":false},"excerpt":{"rendered":"<p>Voil\u00e0 plus de 25 ans que je laisse exprimer ma passion pour l\u2019art \u00e0 travers la peinture et le dessin. Qui suis-je ? Je suis une artiste peintre mes \u0153uvres sont issues du courant impressionniste. Je suis \u00e9galement une m\u00e8re de trois grands enfants et une grand-m\u00e8re (de 4 beaux petits-enfants plein d\u2019\u00e9nergie), je partage [&hellip;]<\/p>\n","protected":false},"author":1,"featured_media":1837,"parent":0,"menu_order":2,"comment_status":"closed","ping_status":"closed","template":"template-fullwidth.php","meta":{"spay_email":""},"acf":[],"yoast_head":"<!-- This site is optimized with the Yoast SEO plugin v18.6 - https:\/\/yoast.com\/wordpress\/plugins\/seo\/ -->\n<title>Qui suis-je ? - Meet a French Artist<\/title>\n<meta name=\"robots\" content=\"index, follow, max-snippet:-1, max-image-preview:large, max-video-preview:-1\" \/>\n<link rel=\"canonical\" href=\"https:\/\/meetafrenchartist.com\/fr\/qui-suis-je\" \/>\n<meta property=\"og:locale\" content=\"fr_FR\" \/>\n<meta property=\"og:type\" content=\"article\" \/>\n<meta property=\"og:title\" content=\"Qui suis-je ? - Meet a French Artist\" \/>\n<meta property=\"og:description\" content=\"Voil\u00e0 plus de 25 ans que je laisse exprimer ma passion pour l\u2019art \u00e0 travers la peinture et le dessin. Qui suis-je ? Je suis une artiste peintre mes \u0153uvres sont issues du courant impressionniste. Je suis \u00e9galement une m\u00e8re de trois grands enfants et une grand-m\u00e8re (de 4 beaux petits-enfants plein d\u2019\u00e9nergie), je partage [&hellip;]\" \/>\n<meta property=\"og:url\" content=\"https:\/\/meetafrenchartist.com\/fr\/qui-suis-je\" \/>\n<meta property=\"og:site_name\" content=\"Meet a French Artist\" \/>\n<meta property=\"article:modified_time\" content=\"2024-04-30T09:58:08+00:00\" \/>\n<meta property=\"og:image\" content=\"https:\/\/meetafrenchartist.com\/wp-content\/uploads\/2016\/11\/Maman.jpg\" \/>\n\t<meta property=\"og:image:width\" content=\"1512\" \/>\n\t<meta property=\"og:image:height\" content=\"1302\" \/>\n\t<meta property=\"og:image:type\" content=\"image\/jpeg\" \/>\n<meta name=\"twitter:card\" content=\"summary_large_image\" \/>\n<meta name=\"twitter:label1\" content=\"Dur\u00e9e de lecture estim\u00e9e\" \/>\n\t<meta name=\"twitter:data1\" content=\"2 minutes\" \/>\n<script type=\"application\/ld+json\" class=\"yoast-schema-graph\">{\"@context\":\"https:\/\/schema.org\",\"@graph\":[{\"@type\":[\"Person\",\"Organization\"],\"@id\":\"https:\/\/meetafrenchartist.com\/#\/schema\/person\/8328a8986c585017fb846b5e24c1c139\",\"name\":\"Edwige Mitterrand\",\"image\":{\"@type\":\"ImageObject\",\"@id\":\"https:\/\/meetafrenchartist.com\/#personlogo\",\"inLanguage\":\"fr-FR\",\"url\":\"https:\/\/secure.gravatar.com\/avatar\/f968a4eadc158a1f61c5f8f8023a0c88?s=96&d=mm&r=g\",\"contentUrl\":\"https:\/\/secure.gravatar.com\/avatar\/f968a4eadc158a1f61c5f8f8023a0c88?s=96&d=mm&r=g\",\"caption\":\"Edwige Mitterrand\"},\"logo\":{\"@id\":\"https:\/\/meetafrenchartist.com\/#personlogo\"}},{\"@type\":\"WebSite\",\"@id\":\"https:\/\/meetafrenchartist.com\/#website\",\"url\":\"https:\/\/meetafrenchartist.com\/\",\"name\":\"Meet a French Artist\",\"description\":\"Edwige Mitterrand Delahaye\",\"publisher\":{\"@id\":\"https:\/\/meetafrenchartist.com\/#\/schema\/person\/8328a8986c585017fb846b5e24c1c139\"},\"potentialAction\":[{\"@type\":\"SearchAction\",\"target\":{\"@type\":\"EntryPoint\",\"urlTemplate\":\"https:\/\/meetafrenchartist.com\/?s={search_term_string}\"},\"query-input\":\"required name=search_term_string\"}],\"inLanguage\":\"fr-FR\"},{\"@type\":\"ImageObject\",\"@id\":\"https:\/\/meetafrenchartist.com\/fr\/qui-suis-je#primaryimage\",\"inLanguage\":\"fr-FR\",\"url\":\"https:\/\/i0.wp.com\/meetafrenchartist.com\/wp-content\/uploads\/2016\/11\/Maman.jpg?fit=1512%2C1302&ssl=1\",\"contentUrl\":\"https:\/\/i0.wp.com\/meetafrenchartist.com\/wp-content\/uploads\/2016\/11\/Maman.jpg?fit=1512%2C1302&ssl=1\",\"width\":1512,\"height\":1302},{\"@type\":\"WebPage\",\"@id\":\"https:\/\/meetafrenchartist.com\/fr\/qui-suis-je#webpage\",\"url\":\"https:\/\/meetafrenchartist.com\/fr\/qui-suis-je\",\"name\":\"Qui suis-je ? - Meet a French Artist\",\"isPartOf\":{\"@id\":\"https:\/\/meetafrenchartist.com\/#website\"},\"primaryImageOfPage\":{\"@id\":\"https:\/\/meetafrenchartist.com\/fr\/qui-suis-je#primaryimage\"},\"datePublished\":\"2016-11-01T14:55:20+00:00\",\"dateModified\":\"2024-04-30T09:58:08+00:00\",\"breadcrumb\":{\"@id\":\"https:\/\/meetafrenchartist.com\/fr\/qui-suis-je#breadcrumb\"},\"inLanguage\":\"fr-FR\",\"potentialAction\":[{\"@type\":\"ReadAction\",\"target\":[\"https:\/\/meetafrenchartist.com\/fr\/qui-suis-je\"]}]},{\"@type\":\"BreadcrumbList\",\"@id\":\"https:\/\/meetafrenchartist.com\/fr\/qui-suis-je#breadcrumb\",\"itemListElement\":[{\"@type\":\"ListItem\",\"position\":1,\"name\":\"Accueil\",\"item\":\"https:\/\/meetafrenchartist.com\/fr\"},{\"@type\":\"ListItem\",\"position\":2,\"name\":\"Qui suis-je ?\"}]}]}<\/script>\n<!-- \/ Yoast SEO plugin. -->","yoast_head_json":{"title":"Qui suis-je ? - Meet a French Artist","robots":{"index":"index","follow":"follow","max-snippet":"max-snippet:-1","max-image-preview":"max-image-preview:large","max-video-preview":"max-video-preview:-1"},"canonical":"https:\/\/meetafrenchartist.com\/fr\/qui-suis-je","og_locale":"fr_FR","og_type":"article","og_title":"Qui suis-je ? - Meet a French Artist","og_description":"Voil\u00e0 plus de 25 ans que je laisse exprimer ma passion pour l\u2019art \u00e0 travers la peinture et le dessin. Qui suis-je ? Je suis une artiste peintre mes \u0153uvres sont issues du courant impressionniste. Je suis \u00e9galement une m\u00e8re de trois grands enfants et une grand-m\u00e8re (de 4 beaux petits-enfants plein d\u2019\u00e9nergie), je partage [&hellip;]","og_url":"https:\/\/meetafrenchartist.com\/fr\/qui-suis-je","og_site_name":"Meet a French Artist","article_modified_time":"2024-04-30T09:58:08+00:00","og_image":[{"width":1512,"height":1302,"url":"https:\/\/meetafrenchartist.com\/wp-content\/uploads\/2016\/11\/Maman.jpg","type":"image\/jpeg"}],"twitter_card":"summary_large_image","twitter_misc":{"Dur\u00e9e de lecture estim\u00e9e":"2 minutes"},"schema":{"@context":"https:\/\/schema.org","@graph":[{"@type":["Person","Organization"],"@id":"https:\/\/meetafrenchartist.com\/#\/schema\/person\/8328a8986c585017fb846b5e24c1c139","name":"Edwige Mitterrand","image":{"@type":"ImageObject","@id":"https:\/\/meetafrenchartist.com\/#personlogo","inLanguage":"fr-FR","url":"https:\/\/secure.gravatar.com\/avatar\/f968a4eadc158a1f61c5f8f8023a0c88?s=96&d=mm&r=g","contentUrl":"https:\/\/secure.gravatar.com\/avatar\/f968a4eadc158a1f61c5f8f8023a0c88?s=96&d=mm&r=g","caption":"Edwige Mitterrand"},"logo":{"@id":"https:\/\/meetafrenchartist.com\/#personlogo"}},{"@type":"WebSite","@id":"https:\/\/meetafrenchartist.com\/#website","url":"https:\/\/meetafrenchartist.com\/","name":"Meet a French Artist","description":"Edwige Mitterrand Delahaye","publisher":{"@id":"https:\/\/meetafrenchartist.com\/#\/schema\/person\/8328a8986c585017fb846b5e24c1c139"},"potentialAction":[{"@type":"SearchAction","target":{"@type":"EntryPoint","urlTemplate":"https:\/\/meetafrenchartist.com\/?s={search_term_string}"},"query-input":"required name=search_term_string"}],"inLanguage":"fr-FR"},{"@type":"ImageObject","@id":"https:\/\/meetafrenchartist.com\/fr\/qui-suis-je#primaryimage","inLanguage":"fr-FR","url":"https:\/\/i0.wp.com\/meetafrenchartist.com\/wp-content\/uploads\/2016\/11\/Maman.jpg?fit=1512%2C1302&ssl=1","contentUrl":"https:\/\/i0.wp.com\/meetafrenchartist.com\/wp-content\/uploads\/2016\/11\/Maman.jpg?fit=1512%2C1302&ssl=1","width":1512,"height":1302},{"@type":"WebPage","@id":"https:\/\/meetafrenchartist.com\/fr\/qui-suis-je#webpage","url":"https:\/\/meetafrenchartist.com\/fr\/qui-suis-je","name":"Qui suis-je ? - Meet a French Artist","isPartOf":{"@id":"https:\/\/meetafrenchartist.com\/#website"},"primaryImageOfPage":{"@id":"https:\/\/meetafrenchartist.com\/fr\/qui-suis-je#primaryimage"},"datePublished":"2016-11-01T14:55:20+00:00","dateModified":"2024-04-30T09:58:08+00:00","breadcrumb":{"@id":"https:\/\/meetafrenchartist.com\/fr\/qui-suis-je#breadcrumb"},"inLanguage":"fr-FR","potentialAction":[{"@type":"ReadAction","target":["https:\/\/meetafrenchartist.com\/fr\/qui-suis-je"]}]},{"@type":"BreadcrumbList","@id":"https:\/\/meetafrenchartist.com\/fr\/qui-suis-je#breadcrumb","itemListElement":[{"@type":"ListItem","position":1,"name":"Accueil","item":"https:\/\/meetafrenchartist.com\/fr"},{"@type":"ListItem","position":2,"name":"Qui suis-je ?"}]}]}},"jetpack_sharing_enabled":true,"_links":{"self":[{"href":"https:\/\/meetafrenchartist.com\/fr\/wp-json\/wp\/v2\/pages\/1394"}],"collection":[{"href":"https:\/\/meetafrenchartist.com\/fr\/wp-json\/wp\/v2\/pages"}],"about":[{"href":"https:\/\/meetafrenchartist.com\/fr\/wp-json\/wp\/v2\/types\/page"}],"author":[{"embeddable":true,"href":"https:\/\/meetafrenchartist.com\/fr\/wp-json\/wp\/v2\/users\/1"}],"replies":[{"embeddable":true,"href":"https:\/\/meetafrenchartist.com\/fr\/wp-json\/wp\/v2\/comments?post=1394"}],"version-history":[{"count":1,"href":"https:\/\/meetafrenchartist.com\/fr\/wp-json\/wp\/v2\/pages\/1394\/revisions"}],"predecessor-version":[{"id":23999,"href":"https:\/\/meetafrenchartist.com\/fr\/wp-json\/wp\/v2\/pages\/1394\/revisions\/23999"}],"wp:featuredmedia":[{"embeddable":true,"href":"https:\/\/meetafrenchartist.com\/fr\/wp-json\/wp\/v2\/media\/1837"}],"wp:attachment":[{"href":"https:\/\/meetafrenchartist.com\/fr\/wp-json\/wp\/v2\/media?parent=1394"}],"curies":[{"name":"wp","href":"https:\/\/api.w.org\/{rel}","templated":true}]}}